{"id":1073,"date":"2024-10-04T20:03:56","date_gmt":"2024-10-04T20:03:56","guid":{"rendered":"https:\/\/iluceconcepts.com\/?page_id=1073"},"modified":"2025-11-18T15:24:03","modified_gmt":"2025-11-18T15:24:03","slug":"cart","status":"publish","type":"page","link":"https:\/\/iluceconcepts.com\/fr\/cart\/","title":{"rendered":"Panier"},"content":{"rendered":"<div data-block-name=\"woocommerce\/cart\" class=\"wp-block-woocommerce-cart alignwide is-loading\">\n<div data-block-name=\"woocommerce\/filled-cart-block\" class=\"wp-block-woocommerce-filled-cart-block\">\n<div data-block-name=\"woocommerce\/cart-items-block\" class=\"wp-block-woocommerce-cart-items-block\">\n<div data-block-name=\"woocommerce\/cart-line-items-block\" class=\"wp-block-woocommerce-cart-line-items-block\"><\/div>\n\n\n<\/div>\n\n\n\n<div data-block-name=\"woocommerce\/cart-totals-block\" class=\"wp-block-woocommerce-cart-totals-block\">\n<div data-block-name=\"woocommerce\/cart-order-summary-block\" class=\"wp-block-woocommerce-cart-order-summary-block\">\n<div data-block-name=\"woocommerce\/cart-order-summary-heading-block\" class=\"wp-block-woocommerce-cart-order-summary-heading-block\"><\/div>\n\n\n\n<div data-block-name=\"woocommerce\/cart-order-summary-coupon-form-block\" class=\"wp-block-woocommerce-cart-order-summary-coupon-form-block\"><\/div>\n\n\n\n<div data-block-name=\"woocommerce\/cart-order-summary-totals-block\" class=\"wp-block-woocommerce-cart-order-summary-totals-block\">\n<div data-block-name=\"woocommerce\/cart-order-summary-subtotal-block\" class=\"wp-block-woocommerce-cart-order-summary-subtotal-block\"><\/div>\n\n\n\n<div data-block-name=\"woocommerce\/cart-order-summary-fee-block\" class=\"wp-block-woocommerce-cart-order-summary-fee-block\"><\/div>\n\n\n\n<div data-block-name=\"woocommerce\/cart-order-summary-discount-block\" class=\"wp-block-woocommerce-cart-order-summary-discount-block\"><\/div>\n\n\n\n<div data-block-name=\"woocommerce\/cart-order-summary-shipping-block\" class=\"wp-block-woocommerce-cart-order-summary-shipping-block\"><\/div>\n\n\n\n<div data-block-name=\"woocommerce\/cart-order-summary-taxes-block\" class=\"wp-block-woocommerce-cart-order-summary-taxes-block\"><\/div>\n<\/div>\n<\/div>\n\n\n\n<div data-block-name=\"woocommerce\/cart-express-payment-block\" class=\"wp-block-woocommerce-cart-express-payment-block\"><\/div>\n\n\n\n<div data-block-name=\"woocommerce\/proceed-to-checkout-block\" class=\"wp-block-woocommerce-proceed-to-checkout-block\"><\/div>\n\n\n\n<div data-block-name=\"woocommerce\/cart-accepted-payment-methods-block\" class=\"wp-block-woocommerce-cart-accepted-payment-methods-block\"><\/div>\n<\/div>\n<\/div>\n\n\n\n<div data-block-name=\"woocommerce\/empty-cart-block\" class=\"wp-block-woocommerce-empty-cart-block\">\n<h2 class=\"wp-block-heading has-text-align-center with-empty-cart-icon wc-block-cart__empty-cart__title\">Your cart is currently empty!<\/h2>\n\n\n\n<p class=\"has-text-align-center\"><a href=\"https:\/\/iluceconcepts.com\/fr\/shop\/\">Browse store<\/a><\/p>\n\n\n\n<hr class=\"wp-block-separator has-alpha-channel-opacity is-style-dots\"\/>\n\n\n\n<h2 class=\"wp-block-heading has-text-align-center\">New in store<\/h2>\n\n\n<div data-block-name=\"woocommerce\/product-new\" data-columns=\"4\" data-rows=\"1\" class=\"wc-block-grid wp-block-product-new wp-block-woocommerce-product-new wc-block-product-new has-4-columns\"><ul class=\"wc-block-grid__products\"><li class=\"wc-block-grid__product\">\n\t\t\t\t<a href=\"https:\/\/iluceconcepts.com\/fr\/produit\/galera-mirror\/\" class=\"wc-block-grid__product-link\">\n\t\t\t\t\t\n\t\t\t\t\t<div class=\"wc-block-grid__product-image\"><img fetchpriority=\"high\" decoding=\"async\" width=\"300\" height=\"300\" src=\"https:\/\/i0.wp.com\/iluceconcepts.com\/wp-content\/uploads\/2026\/02\/MT2768_LIFESTYLE.webp?resize=300%2C300&amp;ssl=1\" class=\"attachment-woocommerce_thumbnail size-woocommerce_thumbnail\" alt=\"Galera Mirror\" srcset=\"https:\/\/i0.wp.com\/iluceconcepts.com\/wp-content\/uploads\/2026\/02\/MT2768_LIFESTYLE.webp?w=1400&amp;ssl=1 1400w, https:\/\/i0.wp.com\/iluceconcepts.com\/wp-content\/uploads\/2026\/02\/MT2768_LIFESTYLE.webp?resize=300%2C300&amp;ssl=1 300w, https:\/\/i0.wp.com\/iluceconcepts.com\/wp-content\/uploads\/2026\/02\/MT2768_LIFESTYLE.webp?resize=1024%2C1024&amp;ssl=1 1024w, https:\/\/i0.wp.com\/iluceconcepts.com\/wp-content\/uploads\/2026\/02\/MT2768_LIFESTYLE.webp?resize=150%2C150&amp;ssl=1 150w, https:\/\/i0.wp.com\/iluceconcepts.com\/wp-content\/uploads\/2026\/02\/MT2768_LIFESTYLE.webp?resize=768%2C768&amp;ssl=1 768w, https:\/\/i0.wp.com\/iluceconcepts.com\/wp-content\/uploads\/2026\/02\/MT2768_LIFESTYLE.webp?resize=12%2C12&amp;ssl=1 12w, https:\/\/i0.wp.com\/iluceconcepts.com\/wp-content\/uploads\/2026\/02\/MT2768_LIFESTYLE.webp?resize=1080%2C1080&amp;ssl=1 1080w, https:\/\/i0.wp.com\/iluceconcepts.com\/wp-content\/uploads\/2026\/02\/MT2768_LIFESTYLE.webp?resize=24%2C24&amp;ssl=1 24w, https:\/\/i0.wp.com\/iluceconcepts.com\/wp-content\/uploads\/2026\/02\/MT2768_LIFESTYLE.webp?resize=36%2C36&amp;ssl=1 36w, https:\/\/i0.wp.com\/iluceconcepts.com\/wp-content\/uploads\/2026\/02\/MT2768_LIFESTYLE.webp?resize=48%2C48&amp;ssl=1 48w, https:\/\/i0.wp.com\/iluceconcepts.com\/wp-content\/uploads\/2026\/02\/MT2768_LIFESTYLE.webp?resize=600%2C600&amp;ssl=1 600w, https:\/\/i0.wp.com\/iluceconcepts.com\/wp-content\/uploads\/2026\/02\/MT2768_LIFESTYLE.webp?resize=100%2C100&amp;ssl=1 100w\" sizes=\"(max-width: 300px) 100vw, 300px\" \/><\/div>\n\t\t\t\t\t<div class=\"wc-block-grid__product-title\">Galera Mirror<\/div>\n\t\t\t\t<\/a>\n\t\t\t\t<div class=\"wc-block-grid__product-price price\"><span class=\"woocommerce-Price-amount amount\"><span class=\"woocommerce-Price-currencySymbol\">&#036;<\/span>870.00<\/span><\/div>\n\t\t\t\t\n\t\t\t\t<div class=\"wp-block-button wc-block-grid__product-add-to-cart\"><a href=\"\/fr\/wp-json\/wp\/v2\/pages\/1073?add-to-cart=2117\" aria-label=\"Ajouter au panier\u00a0: \u201cGalera Mirror\u201d\" data-quantity=\"1\" data-product_id=\"2117\" data-product_sku=\"\" data-price=\"870\" rel=\"nofollow\" class=\"wp-block-button__link  add_to_cart_button ajax_add_to_cart\" data-no-translation=\"\" data-trp-gettext=\"\" data-no-translation-aria-label=\"\">Ajouter au panier<\/a><\/div>\n\t\t\t<\/li><li class=\"wc-block-grid__product\">\n\t\t\t\t<a href=\"https:\/\/iluceconcepts.com\/fr\/produit\/ignatius-mirror\/\" class=\"wc-block-grid__product-link\">\n\t\t\t\t\t\n\t\t\t\t\t<div class=\"wc-block-grid__product-image\"><img decoding=\"async\" width=\"300\" height=\"300\" src=\"https:\/\/i0.wp.com\/iluceconcepts.com\/wp-content\/uploads\/2026\/02\/MT2769_LIFESTYLE.webp?resize=300%2C300&amp;ssl=1\" class=\"attachment-woocommerce_thumbnail size-woocommerce_thumbnail\" alt=\"Ignatius Mirror\" srcset=\"https:\/\/i0.wp.com\/iluceconcepts.com\/wp-content\/uploads\/2026\/02\/MT2769_LIFESTYLE.webp?w=1400&amp;ssl=1 1400w, https:\/\/i0.wp.com\/iluceconcepts.com\/wp-content\/uploads\/2026\/02\/MT2769_LIFESTYLE.webp?resize=300%2C300&amp;ssl=1 300w, https:\/\/i0.wp.com\/iluceconcepts.com\/wp-content\/uploads\/2026\/02\/MT2769_LIFESTYLE.webp?resize=1024%2C1024&amp;ssl=1 1024w, https:\/\/i0.wp.com\/iluceconcepts.com\/wp-content\/uploads\/2026\/02\/MT2769_LIFESTYLE.webp?resize=150%2C150&amp;ssl=1 150w, https:\/\/i0.wp.com\/iluceconcepts.com\/wp-content\/uploads\/2026\/02\/MT2769_LIFESTYLE.webp?resize=768%2C768&amp;ssl=1 768w, https:\/\/i0.wp.com\/iluceconcepts.com\/wp-content\/uploads\/2026\/02\/MT2769_LIFESTYLE.webp?resize=12%2C12&amp;ssl=1 12w, https:\/\/i0.wp.com\/iluceconcepts.com\/wp-content\/uploads\/2026\/02\/MT2769_LIFESTYLE.webp?resize=1080%2C1080&amp;ssl=1 1080w, https:\/\/i0.wp.com\/iluceconcepts.com\/wp-content\/uploads\/2026\/02\/MT2769_LIFESTYLE.webp?resize=24%2C24&amp;ssl=1 24w, https:\/\/i0.wp.com\/iluceconcepts.com\/wp-content\/uploads\/2026\/02\/MT2769_LIFESTYLE.webp?resize=36%2C36&amp;ssl=1 36w, https:\/\/i0.wp.com\/iluceconcepts.com\/wp-content\/uploads\/2026\/02\/MT2769_LIFESTYLE.webp?resize=48%2C48&amp;ssl=1 48w, https:\/\/i0.wp.com\/iluceconcepts.com\/wp-content\/uploads\/2026\/02\/MT2769_LIFESTYLE.webp?resize=600%2C600&amp;ssl=1 600w, https:\/\/i0.wp.com\/iluceconcepts.com\/wp-content\/uploads\/2026\/02\/MT2769_LIFESTYLE.webp?resize=100%2C100&amp;ssl=1 100w\" sizes=\"(max-width: 300px) 100vw, 300px\" \/><\/div>\n\t\t\t\t\t<div class=\"wc-block-grid__product-title\">Ignatius Mirror<\/div>\n\t\t\t\t<\/a>\n\t\t\t\t<div class=\"wc-block-grid__product-price price\"><span class=\"woocommerce-Price-amount amount\"><span class=\"woocommerce-Price-currencySymbol\">&#036;<\/span>992.00<\/span><\/div>\n\t\t\t\t\n\t\t\t\t<div class=\"wp-block-button wc-block-grid__product-add-to-cart\"><a href=\"\/fr\/wp-json\/wp\/v2\/pages\/1073?add-to-cart=2111\" aria-label=\"Ajouter au panier\u00a0: \u201cIgnatius Mirror\u201d\" data-quantity=\"1\" data-product_id=\"2111\" data-product_sku=\"\" data-price=\"992\" rel=\"nofollow\" class=\"wp-block-button__link  add_to_cart_button ajax_add_to_cart\" data-no-translation=\"\" data-trp-gettext=\"\" data-no-translation-aria-label=\"\">Ajouter au panier<\/a><\/div>\n\t\t\t<\/li><li class=\"wc-block-grid__product\">\n\t\t\t\t<a href=\"https:\/\/iluceconcepts.com\/fr\/produit\/reave-mirror\/\" class=\"wc-block-grid__product-link\">\n\t\t\t\t\t\n\t\t\t\t\t<div class=\"wc-block-grid__product-image\"><img decoding=\"async\" width=\"300\" height=\"300\" src=\"https:\/\/i0.wp.com\/iluceconcepts.com\/wp-content\/uploads\/2026\/02\/MT2773_LIFESTYLE.webp?resize=300%2C300&amp;ssl=1\" class=\"attachment-woocommerce_thumbnail size-woocommerce_thumbnail\" alt=\"Reave Mirror\" srcset=\"https:\/\/i0.wp.com\/iluceconcepts.com\/wp-content\/uploads\/2026\/02\/MT2773_LIFESTYLE.webp?w=1400&amp;ssl=1 1400w, https:\/\/i0.wp.com\/iluceconcepts.com\/wp-content\/uploads\/2026\/02\/MT2773_LIFESTYLE.webp?resize=300%2C300&amp;ssl=1 300w, https:\/\/i0.wp.com\/iluceconcepts.com\/wp-content\/uploads\/2026\/02\/MT2773_LIFESTYLE.webp?resize=1024%2C1024&amp;ssl=1 1024w, https:\/\/i0.wp.com\/iluceconcepts.com\/wp-content\/uploads\/2026\/02\/MT2773_LIFESTYLE.webp?resize=150%2C150&amp;ssl=1 150w, https:\/\/i0.wp.com\/iluceconcepts.com\/wp-content\/uploads\/2026\/02\/MT2773_LIFESTYLE.webp?resize=768%2C768&amp;ssl=1 768w, https:\/\/i0.wp.com\/iluceconcepts.com\/wp-content\/uploads\/2026\/02\/MT2773_LIFESTYLE.webp?resize=12%2C12&amp;ssl=1 12w, https:\/\/i0.wp.com\/iluceconcepts.com\/wp-content\/uploads\/2026\/02\/MT2773_LIFESTYLE.webp?resize=1080%2C1080&amp;ssl=1 1080w, https:\/\/i0.wp.com\/iluceconcepts.com\/wp-content\/uploads\/2026\/02\/MT2773_LIFESTYLE.webp?resize=24%2C24&amp;ssl=1 24w, https:\/\/i0.wp.com\/iluceconcepts.com\/wp-content\/uploads\/2026\/02\/MT2773_LIFESTYLE.webp?resize=36%2C36&amp;ssl=1 36w, https:\/\/i0.wp.com\/iluceconcepts.com\/wp-content\/uploads\/2026\/02\/MT2773_LIFESTYLE.webp?resize=48%2C48&amp;ssl=1 48w, https:\/\/i0.wp.com\/iluceconcepts.com\/wp-content\/uploads\/2026\/02\/MT2773_LIFESTYLE.webp?resize=600%2C600&amp;ssl=1 600w, https:\/\/i0.wp.com\/iluceconcepts.com\/wp-content\/uploads\/2026\/02\/MT2773_LIFESTYLE.webp?resize=100%2C100&amp;ssl=1 100w\" sizes=\"(max-width: 300px) 100vw, 300px\" \/><\/div>\n\t\t\t\t\t<div class=\"wc-block-grid__product-title\">Reave Mirror<\/div>\n\t\t\t\t<\/a>\n\t\t\t\t<div class=\"wc-block-grid__product-price price\"><span class=\"woocommerce-Price-amount amount\"><span class=\"woocommerce-Price-currencySymbol\">&#036;<\/span>870.00<\/span><\/div>\n\t\t\t\t\n\t\t\t\t<div class=\"wp-block-button wc-block-grid__product-add-to-cart\"><a href=\"\/fr\/wp-json\/wp\/v2\/pages\/1073?add-to-cart=2105\" aria-label=\"Ajouter au panier\u00a0: \u201cReave Mirror\u201d\" data-quantity=\"1\" data-product_id=\"2105\" data-product_sku=\"\" data-price=\"870\" rel=\"nofollow\" class=\"wp-block-button__link  add_to_cart_button ajax_add_to_cart\" data-no-translation=\"\" data-trp-gettext=\"\" data-no-translation-aria-label=\"\">Ajouter au panier<\/a><\/div>\n\t\t\t<\/li><li class=\"wc-block-grid__product\">\n\t\t\t\t<a href=\"https:\/\/iluceconcepts.com\/fr\/produit\/warren-mirror\/\" class=\"wc-block-grid__product-link\">\n\t\t\t\t\t\n\t\t\t\t\t<div class=\"wc-block-grid__product-image\"><img loading=\"lazy\" decoding=\"async\" width=\"300\" height=\"300\" src=\"https:\/\/i0.wp.com\/iluceconcepts.com\/wp-content\/uploads\/2026\/02\/MT2802_LIFESTYLE.webp?resize=300%2C300&amp;ssl=1\" class=\"attachment-woocommerce_thumbnail size-woocommerce_thumbnail\" alt=\"Warren Mirror\" srcset=\"https:\/\/i0.wp.com\/iluceconcepts.com\/wp-content\/uploads\/2026\/02\/MT2802_LIFESTYLE.webp?w=1400&amp;ssl=1 1400w, https:\/\/i0.wp.com\/iluceconcepts.com\/wp-content\/uploads\/2026\/02\/MT2802_LIFESTYLE.webp?resize=300%2C300&amp;ssl=1 300w, https:\/\/i0.wp.com\/iluceconcepts.com\/wp-content\/uploads\/2026\/02\/MT2802_LIFESTYLE.webp?resize=1024%2C1024&amp;ssl=1 1024w, https:\/\/i0.wp.com\/iluceconcepts.com\/wp-content\/uploads\/2026\/02\/MT2802_LIFESTYLE.webp?resize=150%2C150&amp;ssl=1 150w, https:\/\/i0.wp.com\/iluceconcepts.com\/wp-content\/uploads\/2026\/02\/MT2802_LIFESTYLE.webp?resize=768%2C768&amp;ssl=1 768w, https:\/\/i0.wp.com\/iluceconcepts.com\/wp-content\/uploads\/2026\/02\/MT2802_LIFESTYLE.webp?resize=12%2C12&amp;ssl=1 12w, https:\/\/i0.wp.com\/iluceconcepts.com\/wp-content\/uploads\/2026\/02\/MT2802_LIFESTYLE.webp?resize=1080%2C1080&amp;ssl=1 1080w, https:\/\/i0.wp.com\/iluceconcepts.com\/wp-content\/uploads\/2026\/02\/MT2802_LIFESTYLE.webp?resize=24%2C24&amp;ssl=1 24w, https:\/\/i0.wp.com\/iluceconcepts.com\/wp-content\/uploads\/2026\/02\/MT2802_LIFESTYLE.webp?resize=36%2C36&amp;ssl=1 36w, https:\/\/i0.wp.com\/iluceconcepts.com\/wp-content\/uploads\/2026\/02\/MT2802_LIFESTYLE.webp?resize=48%2C48&amp;ssl=1 48w, https:\/\/i0.wp.com\/iluceconcepts.com\/wp-content\/uploads\/2026\/02\/MT2802_LIFESTYLE.webp?resize=600%2C600&amp;ssl=1 600w, https:\/\/i0.wp.com\/iluceconcepts.com\/wp-content\/uploads\/2026\/02\/MT2802_LIFESTYLE.webp?resize=100%2C100&amp;ssl=1 100w\" sizes=\"(max-width: 300px) 100vw, 300px\" \/><\/div>\n\t\t\t\t\t<div class=\"wc-block-grid__product-title\">Warren Mirror<\/div>\n\t\t\t\t<\/a>\n\t\t\t\t<div class=\"wc-block-grid__product-price price\"><span class=\"woocommerce-Price-amount amount\"><span class=\"woocommerce-Price-currencySymbol\">&#036;<\/span>580.00<\/span><\/div>\n\t\t\t\t\n\t\t\t\t<div class=\"wp-block-button wc-block-grid__product-add-to-cart\"><a href=\"\/fr\/wp-json\/wp\/v2\/pages\/1073?add-to-cart=2100\" aria-label=\"Ajouter au panier\u00a0: \u201cWarren Mirror\u201d\" data-quantity=\"1\" data-product_id=\"2100\" data-product_sku=\"\" data-price=\"580\" rel=\"nofollow\" class=\"wp-block-button__link  add_to_cart_button ajax_add_to_cart\" data-no-translation=\"\" data-trp-gettext=\"\" data-no-translation-aria-label=\"\">Ajouter au panier<\/a><\/div>\n\t\t\t<\/li><\/ul><\/div><\/div>\n<\/div>","protected":false},"excerpt":{"rendered":"","protected":false},"author":1,"featured_media":0,"parent":0,"menu_order":0,"comment_status":"closed","ping_status":"closed","template":"","meta":{"saved_in_kubio":false,"_coblocks_attr":"","_coblocks_dimensions":"","_coblocks_responsive_height":"","_coblocks_accordion_ie_support":"","jetpack_post_was_ever_published":false,"footnotes":""},"class_list":["post-1073","page","type-page","status-publish","hentry"],"kubio_ai_page_context":{"short_desc":"","purpose":"general"},"yoast_head":"<!-- This site is optimized with the Yoast SEO plugin v27.4 - https:\/\/yoast.com\/product\/yoast-seo-wordpress\/ -->\n<title>Cart - Iluce Concepts<\/title>\n<meta name=\"description\" content=\"We are a family owned Montreal based design boutique catering to architects, designers, homeowners and developers. We offer a wide range of unique products from various international suppliers and are proud to be an exclusive distributor for a few of them. From handmade Murano glass chandeliers to the latest LED technology, we can satisfy any style and design.\" \/>\n<meta name=\"robots\" content=\"index, follow, max-snippet:-1, max-image-preview:large, max-video-preview:-1\" \/>\n<link rel=\"canonical\" href=\"https:\/\/iluceconcepts.com\/fr\/cart\/\" \/>\n<meta property=\"og:locale\" content=\"fr_CA\" \/>\n<meta property=\"og:type\" content=\"article\" \/>\n<meta property=\"og:title\" content=\"Cart - Iluce Concepts\" \/>\n<meta property=\"og:description\" content=\"We are a family owned Montreal based design boutique catering to architects, designers, homeowners and developers. We offer a wide range of unique products from various international suppliers and are proud to be an exclusive distributor for a few of them. From handmade Murano glass chandeliers to the latest LED technology, we can satisfy any style and design.\" \/>\n<meta property=\"og:url\" content=\"https:\/\/iluceconcepts.com\/fr\/cart\/\" \/>\n<meta property=\"og:site_name\" content=\"Iluce Concepts\" \/>\n<meta property=\"article:publisher\" content=\"https:\/\/www.facebook.com\/Iluceconcepts\" \/>\n<meta property=\"article:modified_time\" content=\"2025-11-18T15:24:03+00:00\" \/>\n<meta name=\"twitter:card\" content=\"summary_large_image\" \/>\n<meta name=\"twitter:label1\" content=\"Estimation du temps de lecture\" \/>\n\t<meta name=\"twitter:data1\" content=\"1 minute\" \/>\n<script type=\"application\/ld+json\" class=\"yoast-schema-graph\">{\"@context\":\"https:\\\/\\\/schema.org\",\"@graph\":[{\"@type\":\"WebPage\",\"@id\":\"https:\\\/\\\/iluceconcepts.com\\\/cart\\\/\",\"url\":\"https:\\\/\\\/iluceconcepts.com\\\/cart\\\/\",\"name\":\"Cart - Iluce Concepts\",\"isPartOf\":{\"@id\":\"https:\\\/\\\/iluceconcepts.com\\\/#website\"},\"datePublished\":\"2024-10-04T20:03:56+00:00\",\"dateModified\":\"2025-11-18T15:24:03+00:00\",\"description\":\"We are a family owned Montreal based design boutique catering to architects, designers, homeowners and developers. We offer a wide range of unique products from various international suppliers and are proud to be an exclusive distributor for a few of them. From handmade Murano glass chandeliers to the latest LED technology, we can satisfy any style and design.\",\"breadcrumb\":{\"@id\":\"https:\\\/\\\/iluceconcepts.com\\\/cart\\\/#breadcrumb\"},\"inLanguage\":\"fr-CA\",\"potentialAction\":[{\"@type\":\"ReadAction\",\"target\":[\"https:\\\/\\\/iluceconcepts.com\\\/cart\\\/\"]}]},{\"@type\":\"BreadcrumbList\",\"@id\":\"https:\\\/\\\/iluceconcepts.com\\\/cart\\\/#breadcrumb\",\"itemListElement\":[{\"@type\":\"ListItem\",\"position\":1,\"name\":\"Home\",\"item\":\"https:\\\/\\\/iluceconcepts.com\\\/\"},{\"@type\":\"ListItem\",\"position\":2,\"name\":\"Cart\"}]},{\"@type\":\"WebSite\",\"@id\":\"https:\\\/\\\/iluceconcepts.com\\\/#website\",\"url\":\"https:\\\/\\\/iluceconcepts.com\\\/\",\"name\":\"Iluce Concepts\",\"description\":\"Live it with Iluce\",\"publisher\":{\"@id\":\"https:\\\/\\\/iluceconcepts.com\\\/#organization\"},\"potentialAction\":[{\"@type\":\"SearchAction\",\"target\":{\"@type\":\"EntryPoint\",\"urlTemplate\":\"https:\\\/\\\/iluceconcepts.com\\\/?s={search_term_string}\"},\"query-input\":{\"@type\":\"PropertyValueSpecification\",\"valueRequired\":true,\"valueName\":\"search_term_string\"}}],\"inLanguage\":\"fr-CA\"},{\"@type\":\"Organization\",\"@id\":\"https:\\\/\\\/iluceconcepts.com\\\/#organization\",\"name\":\"Iluce Concepts\",\"url\":\"https:\\\/\\\/iluceconcepts.com\\\/\",\"logo\":{\"@type\":\"ImageObject\",\"inLanguage\":\"fr-CA\",\"@id\":\"https:\\\/\\\/iluceconcepts.com\\\/#\\\/schema\\\/logo\\\/image\\\/\",\"url\":\"https:\\\/\\\/iluceconcepts.com\\\/wp-content\\\/uploads\\\/2022\\\/03\\\/cropped-Untitled-design-49.png\",\"contentUrl\":\"https:\\\/\\\/iluceconcepts.com\\\/wp-content\\\/uploads\\\/2022\\\/03\\\/cropped-Untitled-design-49.png\",\"width\":500,\"height\":124,\"caption\":\"Iluce Concepts\"},\"image\":{\"@id\":\"https:\\\/\\\/iluceconcepts.com\\\/#\\\/schema\\\/logo\\\/image\\\/\"},\"sameAs\":[\"https:\\\/\\\/www.facebook.com\\\/Iluceconcepts\",\"https:\\\/\\\/www.instagram.com\\\/iluceconcepts\\\/?hl=en\"]}]}<\/script>\n<!-- \/ Yoast SEO plugin. -->","yoast_head_json":{"title":"Cart - Iluce Concepts","description":"Nous sommes une boutique de design familiale bas\u00e9e \u00e0 Montr\u00e9al qui s'adresse aux architectes, designers, propri\u00e9taires et promoteurs. Nous proposons une large gamme de produits uniques provenant de divers fournisseurs internationaux et sommes fiers d'\u00eatre le distributeur exclusif de certains d'entre eux. Des lustres en verre de Murano faits \u00e0 la main \u00e0 la derni\u00e8re technologie LED, nous pouvons satisfaire tous les styles et toutes les conceptions.","robots":{"index":"index","follow":"follow","max-snippet":"max-snippet:-1","max-image-preview":"max-image-preview:large","max-video-preview":"max-video-preview:-1"},"canonical":"https:\/\/iluceconcepts.com\/fr\/cart\/","og_locale":"fr_CA","og_type":"article","og_title":"Cart - Iluce Concepts","og_description":"We are a family owned Montreal based design boutique catering to architects, designers, homeowners and developers. We offer a wide range of unique products from various international suppliers and are proud to be an exclusive distributor for a few of them. From handmade Murano glass chandeliers to the latest LED technology, we can satisfy any style and design.","og_url":"https:\/\/iluceconcepts.com\/fr\/cart\/","og_site_name":"Iluce Concepts","article_publisher":"https:\/\/www.facebook.com\/Iluceconcepts","article_modified_time":"2025-11-18T15:24:03+00:00","twitter_card":"summary_large_image","twitter_misc":{"Estimation du temps de lecture":"1 minute"},"schema":{"@context":"https:\/\/schema.org","@graph":[{"@type":"WebPage","@id":"https:\/\/iluceconcepts.com\/cart\/","url":"https:\/\/iluceconcepts.com\/cart\/","name":"Cart - Iluce Concepts","isPartOf":{"@id":"https:\/\/iluceconcepts.com\/#website"},"datePublished":"2024-10-04T20:03:56+00:00","dateModified":"2025-11-18T15:24:03+00:00","description":"Nous sommes une boutique de design familiale bas\u00e9e \u00e0 Montr\u00e9al qui s'adresse aux architectes, designers, propri\u00e9taires et promoteurs. Nous proposons une large gamme de produits uniques provenant de divers fournisseurs internationaux et sommes fiers d'\u00eatre le distributeur exclusif de certains d'entre eux. Des lustres en verre de Murano faits \u00e0 la main \u00e0 la derni\u00e8re technologie LED, nous pouvons satisfaire tous les styles et toutes les conceptions.","breadcrumb":{"@id":"https:\/\/iluceconcepts.com\/cart\/#breadcrumb"},"inLanguage":"fr-CA","potentialAction":[{"@type":"ReadAction","target":["https:\/\/iluceconcepts.com\/cart\/"]}]},{"@type":"BreadcrumbList","@id":"https:\/\/iluceconcepts.com\/cart\/#breadcrumb","itemListElement":[{"@type":"ListItem","position":1,"name":"Home","item":"https:\/\/iluceconcepts.com\/"},{"@type":"ListItem","position":2,"name":"Cart"}]},{"@type":"WebSite","@id":"https:\/\/iluceconcepts.com\/#website","url":"https:\/\/iluceconcepts.com\/","name":"Iluce Concepts","description":"Vivez-le avec Iluce","publisher":{"@id":"https:\/\/iluceconcepts.com\/#organization"},"potentialAction":[{"@type":"SearchAction","target":{"@type":"EntryPoint","urlTemplate":"https:\/\/iluceconcepts.com\/?s={search_term_string}"},"query-input":{"@type":"PropertyValueSpecification","valueRequired":true,"valueName":"search_term_string"}}],"inLanguage":"fr-CA"},{"@type":"Organization","@id":"https:\/\/iluceconcepts.com\/#organization","name":"Iluce Concepts","url":"https:\/\/iluceconcepts.com\/","logo":{"@type":"ImageObject","inLanguage":"fr-CA","@id":"https:\/\/iluceconcepts.com\/#\/schema\/logo\/image\/","url":"https:\/\/iluceconcepts.com\/wp-content\/uploads\/2022\/03\/cropped-Untitled-design-49.png","contentUrl":"https:\/\/iluceconcepts.com\/wp-content\/uploads\/2022\/03\/cropped-Untitled-design-49.png","width":500,"height":124,"caption":"Iluce Concepts"},"image":{"@id":"https:\/\/iluceconcepts.com\/#\/schema\/logo\/image\/"},"sameAs":["https:\/\/www.facebook.com\/Iluceconcepts","https:\/\/www.instagram.com\/iluceconcepts\/?hl=en"]}]}},"jetpack-related-posts":[],"jetpack_sharing_enabled":true,"featured_media_urls":[],"_links":{"self":[{"href":"https:\/\/iluceconcepts.com\/fr\/wp-json\/wp\/v2\/pages\/1073","targetHints":{"allow":["GET"]}}],"collection":[{"href":"https:\/\/iluceconcepts.com\/fr\/wp-json\/wp\/v2\/pages"}],"about":[{"href":"https:\/\/iluceconcepts.com\/fr\/wp-json\/wp\/v2\/types\/page"}],"author":[{"embeddable":true,"href":"https:\/\/iluceconcepts.com\/fr\/wp-json\/wp\/v2\/users\/1"}],"replies":[{"embeddable":true,"href":"https:\/\/iluceconcepts.com\/fr\/wp-json\/wp\/v2\/comments?post=1073"}],"version-history":[{"count":1,"href":"https:\/\/iluceconcepts.com\/fr\/wp-json\/wp\/v2\/pages\/1073\/revisions"}],"predecessor-version":[{"id":1731,"href":"https:\/\/iluceconcepts.com\/fr\/wp-json\/wp\/v2\/pages\/1073\/revisions\/1731"}],"wp:attachment":[{"href":"https:\/\/iluceconcepts.com\/fr\/wp-json\/wp\/v2\/media?parent=1073"}],"curies":[{"name":"wp","href":"https:\/\/api.w.org\/{rel}","templated":true}]}}