{"id":1075,"date":"2024-10-04T20:04:47","date_gmt":"2024-10-04T20:04:47","guid":{"rendered":"https:\/\/iluceconcepts.com\/?page_id=1075"},"modified":"2025-11-18T15:23:48","modified_gmt":"2025-11-18T15:23:48","slug":"checkout","status":"publish","type":"page","link":"https:\/\/iluceconcepts.com\/fr\/checkout\/","title":{"rendered":"Checkout"},"content":{"rendered":"","protected":false},"excerpt":{"rendered":"","protected":false},"author":1,"featured_media":0,"parent":0,"menu_order":0,"comment_status":"closed","ping_status":"closed","template":"full-width","meta":{"saved_in_kubio":true,"_coblocks_attr":"","_coblocks_dimensions":"","_coblocks_responsive_height":"","_coblocks_accordion_ie_support":"","jetpack_post_was_ever_published":false,"footnotes":""},"class_list":["post-1075","page","type-page","status-publish","hentry"],"kubio_ai_page_context":{"short_desc":"","purpose":"general"},"yoast_head":"<!-- This site is optimized with the Yoast SEO plugin v27.4 - https:\/\/yoast.com\/product\/yoast-seo-wordpress\/ -->\n<title>Checkout - Iluce Concepts<\/title>\n<meta name=\"description\" content=\"We are a family owned Montreal based design boutique catering to architects, designers, homeowners and developers. We offer a wide range of unique products from various international suppliers and are proud to be an exclusive distributor for a few of them. From handmade Murano glass chandeliers to the latest LED technology, we can satisfy any style and design.\" \/>\n<meta name=\"robots\" content=\"index, follow, max-snippet:-1, max-image-preview:large, max-video-preview:-1\" \/>\n<link rel=\"canonical\" href=\"https:\/\/iluceconcepts.com\/fr\/checkout\/\" \/>\n<meta property=\"og:locale\" content=\"fr_CA\" \/>\n<meta property=\"og:type\" content=\"article\" \/>\n<meta property=\"og:title\" content=\"Checkout - Iluce Concepts\" \/>\n<meta property=\"og:description\" content=\"We are a family owned Montreal based design boutique catering to architects, designers, homeowners and developers. We offer a wide range of unique products from various international suppliers and are proud to be an exclusive distributor for a few of them. From handmade Murano glass chandeliers to the latest LED technology, we can satisfy any style and design.\" \/>\n<meta property=\"og:url\" content=\"https:\/\/iluceconcepts.com\/fr\/checkout\/\" \/>\n<meta property=\"og:site_name\" content=\"Iluce Concepts\" \/>\n<meta property=\"article:publisher\" content=\"https:\/\/www.facebook.com\/Iluceconcepts\" \/>\n<meta property=\"article:modified_time\" content=\"2025-11-18T15:23:48+00:00\" \/>\n<meta name=\"twitter:card\" content=\"summary_large_image\" \/>\n<script type=\"application\/ld+json\" class=\"yoast-schema-graph\">{\"@context\":\"https:\\\/\\\/schema.org\",\"@graph\":[{\"@type\":\"WebPage\",\"@id\":\"https:\\\/\\\/iluceconcepts.com\\\/checkout\\\/\",\"url\":\"https:\\\/\\\/iluceconcepts.com\\\/checkout\\\/\",\"name\":\"Checkout - Iluce Concepts\",\"isPartOf\":{\"@id\":\"https:\\\/\\\/iluceconcepts.com\\\/#website\"},\"datePublished\":\"2024-10-04T20:04:47+00:00\",\"dateModified\":\"2025-11-18T15:23:48+00:00\",\"description\":\"We are a family owned Montreal based design boutique catering to architects, designers, homeowners and developers. We offer a wide range of unique products from various international suppliers and are proud to be an exclusive distributor for a few of them. From handmade Murano glass chandeliers to the latest LED technology, we can satisfy any style and design.\",\"breadcrumb\":{\"@id\":\"https:\\\/\\\/iluceconcepts.com\\\/checkout\\\/#breadcrumb\"},\"inLanguage\":\"fr-CA\",\"potentialAction\":[{\"@type\":\"ReadAction\",\"target\":[\"https:\\\/\\\/iluceconcepts.com\\\/checkout\\\/\"]}]},{\"@type\":\"BreadcrumbList\",\"@id\":\"https:\\\/\\\/iluceconcepts.com\\\/checkout\\\/#breadcrumb\",\"itemListElement\":[{\"@type\":\"ListItem\",\"position\":1,\"name\":\"Home\",\"item\":\"https:\\\/\\\/iluceconcepts.com\\\/\"},{\"@type\":\"ListItem\",\"position\":2,\"name\":\"Checkout\"}]},{\"@type\":\"WebSite\",\"@id\":\"https:\\\/\\\/iluceconcepts.com\\\/#website\",\"url\":\"https:\\\/\\\/iluceconcepts.com\\\/\",\"name\":\"Iluce Concepts\",\"description\":\"Live it with Iluce\",\"publisher\":{\"@id\":\"https:\\\/\\\/iluceconcepts.com\\\/#organization\"},\"potentialAction\":[{\"@type\":\"SearchAction\",\"target\":{\"@type\":\"EntryPoint\",\"urlTemplate\":\"https:\\\/\\\/iluceconcepts.com\\\/?s={search_term_string}\"},\"query-input\":{\"@type\":\"PropertyValueSpecification\",\"valueRequired\":true,\"valueName\":\"search_term_string\"}}],\"inLanguage\":\"fr-CA\"},{\"@type\":\"Organization\",\"@id\":\"https:\\\/\\\/iluceconcepts.com\\\/#organization\",\"name\":\"Iluce Concepts\",\"url\":\"https:\\\/\\\/iluceconcepts.com\\\/\",\"logo\":{\"@type\":\"ImageObject\",\"inLanguage\":\"fr-CA\",\"@id\":\"https:\\\/\\\/iluceconcepts.com\\\/#\\\/schema\\\/logo\\\/image\\\/\",\"url\":\"https:\\\/\\\/iluceconcepts.com\\\/wp-content\\\/uploads\\\/2022\\\/03\\\/cropped-Untitled-design-49.png\",\"contentUrl\":\"https:\\\/\\\/iluceconcepts.com\\\/wp-content\\\/uploads\\\/2022\\\/03\\\/cropped-Untitled-design-49.png\",\"width\":500,\"height\":124,\"caption\":\"Iluce Concepts\"},\"image\":{\"@id\":\"https:\\\/\\\/iluceconcepts.com\\\/#\\\/schema\\\/logo\\\/image\\\/\"},\"sameAs\":[\"https:\\\/\\\/www.facebook.com\\\/Iluceconcepts\",\"https:\\\/\\\/www.instagram.com\\\/iluceconcepts\\\/?hl=en\"]}]}<\/script>\n<!-- \/ Yoast SEO plugin. -->","yoast_head_json":{"title":"Checkout - Iluce Concepts","description":"Nous sommes une boutique de design familiale bas\u00e9e \u00e0 Montr\u00e9al qui s'adresse aux architectes, designers, propri\u00e9taires et promoteurs. Nous proposons une large gamme de produits uniques provenant de divers fournisseurs internationaux et sommes fiers d'\u00eatre le distributeur exclusif de certains d'entre eux. Des lustres en verre de Murano faits \u00e0 la main \u00e0 la derni\u00e8re technologie LED, nous pouvons satisfaire tous les styles et toutes les conceptions.","robots":{"index":"index","follow":"follow","max-snippet":"max-snippet:-1","max-image-preview":"max-image-preview:large","max-video-preview":"max-video-preview:-1"},"canonical":"https:\/\/iluceconcepts.com\/fr\/checkout\/","og_locale":"fr_CA","og_type":"article","og_title":"Checkout - Iluce Concepts","og_description":"We are a family owned Montreal based design boutique catering to architects, designers, homeowners and developers. We offer a wide range of unique products from various international suppliers and are proud to be an exclusive distributor for a few of them. From handmade Murano glass chandeliers to the latest LED technology, we can satisfy any style and design.","og_url":"https:\/\/iluceconcepts.com\/fr\/checkout\/","og_site_name":"Iluce Concepts","article_publisher":"https:\/\/www.facebook.com\/Iluceconcepts","article_modified_time":"2025-11-18T15:23:48+00:00","twitter_card":"summary_large_image","schema":{"@context":"https:\/\/schema.org","@graph":[{"@type":"WebPage","@id":"https:\/\/iluceconcepts.com\/checkout\/","url":"https:\/\/iluceconcepts.com\/checkout\/","name":"Checkout - Iluce Concepts","isPartOf":{"@id":"https:\/\/iluceconcepts.com\/#website"},"datePublished":"2024-10-04T20:04:47+00:00","dateModified":"2025-11-18T15:23:48+00:00","description":"Nous sommes une boutique de design familiale bas\u00e9e \u00e0 Montr\u00e9al qui s'adresse aux architectes, designers, propri\u00e9taires et promoteurs. Nous proposons une large gamme de produits uniques provenant de divers fournisseurs internationaux et sommes fiers d'\u00eatre le distributeur exclusif de certains d'entre eux. Des lustres en verre de Murano faits \u00e0 la main \u00e0 la derni\u00e8re technologie LED, nous pouvons satisfaire tous les styles et toutes les conceptions.","breadcrumb":{"@id":"https:\/\/iluceconcepts.com\/checkout\/#breadcrumb"},"inLanguage":"fr-CA","potentialAction":[{"@type":"ReadAction","target":["https:\/\/iluceconcepts.com\/checkout\/"]}]},{"@type":"BreadcrumbList","@id":"https:\/\/iluceconcepts.com\/checkout\/#breadcrumb","itemListElement":[{"@type":"ListItem","position":1,"name":"Home","item":"https:\/\/iluceconcepts.com\/"},{"@type":"ListItem","position":2,"name":"Checkout"}]},{"@type":"WebSite","@id":"https:\/\/iluceconcepts.com\/#website","url":"https:\/\/iluceconcepts.com\/","name":"Iluce Concepts","description":"Vivez-le avec Iluce","publisher":{"@id":"https:\/\/iluceconcepts.com\/#organization"},"potentialAction":[{"@type":"SearchAction","target":{"@type":"EntryPoint","urlTemplate":"https:\/\/iluceconcepts.com\/?s={search_term_string}"},"query-input":{"@type":"PropertyValueSpecification","valueRequired":true,"valueName":"search_term_string"}}],"inLanguage":"fr-CA"},{"@type":"Organization","@id":"https:\/\/iluceconcepts.com\/#organization","name":"Iluce Concepts","url":"https:\/\/iluceconcepts.com\/","logo":{"@type":"ImageObject","inLanguage":"fr-CA","@id":"https:\/\/iluceconcepts.com\/#\/schema\/logo\/image\/","url":"https:\/\/iluceconcepts.com\/wp-content\/uploads\/2022\/03\/cropped-Untitled-design-49.png","contentUrl":"https:\/\/iluceconcepts.com\/wp-content\/uploads\/2022\/03\/cropped-Untitled-design-49.png","width":500,"height":124,"caption":"Iluce Concepts"},"image":{"@id":"https:\/\/iluceconcepts.com\/#\/schema\/logo\/image\/"},"sameAs":["https:\/\/www.facebook.com\/Iluceconcepts","https:\/\/www.instagram.com\/iluceconcepts\/?hl=en"]}]}},"jetpack-related-posts":[],"jetpack_sharing_enabled":true,"featured_media_urls":[],"_links":{"self":[{"href":"https:\/\/iluceconcepts.com\/fr\/wp-json\/wp\/v2\/pages\/1075","targetHints":{"allow":["GET"]}}],"collection":[{"href":"https:\/\/iluceconcepts.com\/fr\/wp-json\/wp\/v2\/pages"}],"about":[{"href":"https:\/\/iluceconcepts.com\/fr\/wp-json\/wp\/v2\/types\/page"}],"author":[{"embeddable":true,"href":"https:\/\/iluceconcepts.com\/fr\/wp-json\/wp\/v2\/users\/1"}],"replies":[{"embeddable":true,"href":"https:\/\/iluceconcepts.com\/fr\/wp-json\/wp\/v2\/comments?post=1075"}],"version-history":[{"count":1,"href":"https:\/\/iluceconcepts.com\/fr\/wp-json\/wp\/v2\/pages\/1075\/revisions"}],"predecessor-version":[{"id":1734,"href":"https:\/\/iluceconcepts.com\/fr\/wp-json\/wp\/v2\/pages\/1075\/revisions\/1734"}],"wp:attachment":[{"href":"https:\/\/iluceconcepts.com\/fr\/wp-json\/wp\/v2\/media?parent=1075"}],"curies":[{"name":"wp","href":"https:\/\/api.w.org\/{rel}","templated":true}]}}