{"id":1064,"date":"2024-10-04T19:36:34","date_gmt":"2024-10-04T19:36:34","guid":{"rendered":"https:\/\/iluceconcepts.com\/?post_type=product&#038;p=1064"},"modified":"2024-11-26T16:36:19","modified_gmt":"2024-11-26T16:36:19","slug":"lighting-plan","status":"publish","type":"product","link":"https:\/\/iluceconcepts.com\/fr\/produit\/lighting-plan\/","title":{"rendered":"Plan d'\u00e9clairage personnalis\u00e9 pour les espaces r\u00e9sidentiels\/commerciaux"},"content":{"rendered":"<ul>\n<li><strong>D\u00e9veloppement d'un concept d'\u00e9clairage int\u00e9rieur et ext\u00e9rieur personnalis\u00e9 selon les habitudes et les besoins des clients<\/strong><\/li>\n<li><strong>Plan de plafond r\u00e9fl\u00e9chi pour l'agencement de l'\u00e9clairage.<\/strong><\/li>\n<li><strong>Planification des commutateurs pour le d\u00e9veloppement des zones et des ambiances<\/strong><\/li>\n<li><strong>Elevations for fixture positioning, dimensions and installation guidance<\/strong><\/li>\n<li><strong>Concept d'\u00e9clairage artistique et \u00e9l\u00e9vations (les dimensions des \u0153uvres d'art doivent \u00eatre fournies)<\/strong><\/li>\n<li><strong>Concepts et plans d'\u00e9clairage pour les murs ext\u00e9rieurs de la maison, les terrasses et les patios.<\/strong><\/li>\n<li><strong>Coordination avec les \u00e9lectriciens, l'entrepreneur et le gestionnaire de projet <\/strong><\/li>\n<li><strong>Commande, r\u00e9ception, inspection et \u00e9tiquetage de l'emplacement sur les cartons de tous les produits command\u00e9s avec iluce concepts.<\/strong><\/li>\n<li><strong>Coordination of delivery of products from suppliers to site which includes an ordered, shipped and delivered schedule.<\/strong><\/li>\n<li><strong>N\u00e9gociation de prix et r\u00e9servation aupr\u00e8s des fournisseurs d'iluce concepts<\/strong><\/li>\n<li><strong>Plan de prises (toutes les sp\u00e9cifications des appareils ou \u00e9quipements sp\u00e9ciaux doivent \u00eatre fournies)<\/strong><\/li>\n<li><strong>Livraison<\/strong>:\u00a0 le plan sera livr\u00e9 (fichiers PDF, CAD)<\/li>\n<li><strong>\u00c0 qui s'adresse-t-il ?<\/strong>:id\u00e9al pour les propri\u00e9taires, les propri\u00e9taires d'entreprise et les architectes d'int\u00e9rieur.<\/li>\n<\/ul>\n<p>VOUS AVEZ DES QUESTIONS AVANT DE PROC\u00c9DER ?<span style=\"text-decoration: underline;\"> <em><strong><a href=\"https:\/\/iluceconcepts.com\/fr\/contact\/\">APPELEZ NOUS!<\/a><\/strong><\/em><\/span><\/p>","protected":false},"excerpt":{"rendered":"<p>Une planification efficace de la conception et de l'am\u00e9nagement de votre \u00e9clairage prend en compte tous les aspects, y compris la fonctionnalit\u00e9, les sorties d'\u00e9clairage, l'ambiance et les touches d\u00e9coratives et bien s\u00fbr les budgets. L'\u00e9clairage, comme de nombreux autres \u00e9l\u00e9ments d\u00e9coratifs, peut varier en prix. N\u00e9anmoins, avec une planification efficace, nous pouvons cr\u00e9er le budget le plus pr\u00e9cis qui conviendra \u00e0 tout projet particulier, commercial ou r\u00e9sidentiel.<\/p>\n<p>Voir un exemple de notre <span style=\"text-decoration: underline;\"><em><strong><a href=\"https:\/\/drive.google.com\/file\/d\/1bHT6XtqE8qk7HHoOzHfAaj738eCuLhUX\/view?usp=sharing\" target=\"_blank\" rel=\"noopener\">Plan et \u00e9l\u00e9vations du plafond r\u00e9fl\u00e9chi<\/a><\/strong><\/em><\/span><\/p>\n<p>** VEUILLEZ SAISIR LE NOMBRE D'HEURES POUR LAQUELLE VOUS SOUHAITEZ NOTRE SERVICE **<\/p>","protected":false},"featured_media":385,"template":"","meta":{"saved_in_kubio":false,"_coblocks_attr":"","_coblocks_dimensions":"","_coblocks_responsive_height":"","_coblocks_accordion_ie_support":"","jetpack_post_was_ever_published":false},"product_brand":[],"product_cat":[54],"product_tag":[57,59,56,58],"class_list":{"0":"post-1064","1":"product","2":"type-product","3":"status-publish","4":"has-post-thumbnail","6":"product_cat-services","7":"product_tag-custom-lighting","8":"product_tag-interior-lighting","9":"product_tag-lighting-design","10":"product_tag-lighting-plan","12":"first","13":"instock","14":"virtual","15":"taxable","16":"purchasable","17":"product-type-simple"},"yoast_head":"<!-- This site is optimized with the Yoast SEO plugin v27.4 - https:\/\/yoast.com\/product\/yoast-seo-wordpress\/ -->\n<title>Custom Lighting Plan for Residential \/ Commercial Spaces - Iluce Concepts<\/title>\n<meta name=\"description\" content=\"Get a custom lighting plan designed for your space. Perfect for homes or businesses, our expert solutions enhance both style and efficiency. Book today!\" \/>\n<meta name=\"robots\" content=\"index, follow, max-snippet:-1, max-image-preview:large, max-video-preview:-1\" \/>\n<link rel=\"canonical\" href=\"https:\/\/iluceconcepts.com\/fr\/produit\/lighting-plan\/\" \/>\n<meta property=\"og:locale\" content=\"fr_CA\" \/>\n<meta property=\"og:type\" content=\"article\" \/>\n<meta property=\"og:title\" content=\"Custom Lighting Plan for Residential \/ Commercial Spaces - Iluce Concepts\" \/>\n<meta property=\"og:description\" content=\"Get a custom lighting plan designed for your space. Perfect for homes or businesses, our expert solutions enhance both style and efficiency. Book today!\" \/>\n<meta property=\"og:url\" content=\"https:\/\/iluceconcepts.com\/fr\/produit\/lighting-plan\/\" \/>\n<meta property=\"og:site_name\" content=\"Iluce Concepts\" \/>\n<meta property=\"article:publisher\" content=\"https:\/\/www.facebook.com\/Iluceconcepts\" \/>\n<meta property=\"article:modified_time\" content=\"2024-11-26T16:36:19+00:00\" \/>\n<meta property=\"og:image\" content=\"https:\/\/iluceconcepts.com\/wp-content\/uploads\/2022\/03\/Untitled-design-2-1024x1024.png\" \/>\n\t<meta property=\"og:image:width\" content=\"1024\" \/>\n\t<meta property=\"og:image:height\" content=\"1024\" \/>\n\t<meta property=\"og:image:type\" content=\"image\/png\" \/>\n<meta name=\"twitter:card\" content=\"summary_large_image\" \/>\n<meta name=\"twitter:label1\" content=\"Estimation du temps de lecture\" \/>\n\t<meta name=\"twitter:data1\" content=\"1 minute\" \/>\n<script type=\"application\/ld+json\" class=\"yoast-schema-graph\">{\"@context\":\"https:\\\/\\\/schema.org\",\"@graph\":[{\"@type\":\"WebPage\",\"@id\":\"https:\\\/\\\/iluceconcepts.com\\\/product\\\/lighting-plan\\\/\",\"url\":\"https:\\\/\\\/iluceconcepts.com\\\/product\\\/lighting-plan\\\/\",\"name\":\"Custom Lighting Plan for Residential \\\/ Commercial Spaces - Iluce Concepts\",\"isPartOf\":{\"@id\":\"https:\\\/\\\/iluceconcepts.com\\\/#website\"},\"primaryImageOfPage\":{\"@id\":\"https:\\\/\\\/iluceconcepts.com\\\/product\\\/lighting-plan\\\/#primaryimage\"},\"image\":{\"@id\":\"https:\\\/\\\/iluceconcepts.com\\\/product\\\/lighting-plan\\\/#primaryimage\"},\"thumbnailUrl\":\"https:\\\/\\\/i0.wp.com\\\/iluceconcepts.com\\\/wp-content\\\/uploads\\\/2022\\\/03\\\/Untitled-design-2.png?fit=1080%2C1080&ssl=1\",\"datePublished\":\"2024-10-04T19:36:34+00:00\",\"dateModified\":\"2024-11-26T16:36:19+00:00\",\"description\":\"Get a custom lighting plan designed for your space. Perfect for homes or businesses, our expert solutions enhance both style and efficiency. Book today!\",\"breadcrumb\":{\"@id\":\"https:\\\/\\\/iluceconcepts.com\\\/product\\\/lighting-plan\\\/#breadcrumb\"},\"inLanguage\":\"fr-CA\",\"potentialAction\":[{\"@type\":\"ReadAction\",\"target\":[\"https:\\\/\\\/iluceconcepts.com\\\/product\\\/lighting-plan\\\/\"]}]},{\"@type\":\"ImageObject\",\"inLanguage\":\"fr-CA\",\"@id\":\"https:\\\/\\\/iluceconcepts.com\\\/product\\\/lighting-plan\\\/#primaryimage\",\"url\":\"https:\\\/\\\/i0.wp.com\\\/iluceconcepts.com\\\/wp-content\\\/uploads\\\/2022\\\/03\\\/Untitled-design-2.png?fit=1080%2C1080&ssl=1\",\"contentUrl\":\"https:\\\/\\\/i0.wp.com\\\/iluceconcepts.com\\\/wp-content\\\/uploads\\\/2022\\\/03\\\/Untitled-design-2.png?fit=1080%2C1080&ssl=1\",\"width\":1080,\"height\":1080,\"caption\":\"lighting plan, consultation - iluce concepts\"},{\"@type\":\"BreadcrumbList\",\"@id\":\"https:\\\/\\\/iluceconcepts.com\\\/product\\\/lighting-plan\\\/#breadcrumb\",\"itemListElement\":[{\"@type\":\"ListItem\",\"position\":1,\"name\":\"Home\",\"item\":\"https:\\\/\\\/iluceconcepts.com\\\/\"},{\"@type\":\"ListItem\",\"position\":2,\"name\":\"Shop\",\"item\":\"https:\\\/\\\/iluceconcepts.com\\\/shop\\\/\"},{\"@type\":\"ListItem\",\"position\":3,\"name\":\"Custom Lighting Plan for Residential \\\/ Commercial Spaces\"}]},{\"@type\":\"WebSite\",\"@id\":\"https:\\\/\\\/iluceconcepts.com\\\/#website\",\"url\":\"https:\\\/\\\/iluceconcepts.com\\\/\",\"name\":\"Iluce Concepts\",\"description\":\"Live it with Iluce\",\"publisher\":{\"@id\":\"https:\\\/\\\/iluceconcepts.com\\\/#organization\"},\"potentialAction\":[{\"@type\":\"SearchAction\",\"target\":{\"@type\":\"EntryPoint\",\"urlTemplate\":\"https:\\\/\\\/iluceconcepts.com\\\/?s={search_term_string}\"},\"query-input\":{\"@type\":\"PropertyValueSpecification\",\"valueRequired\":true,\"valueName\":\"search_term_string\"}}],\"inLanguage\":\"fr-CA\"},{\"@type\":\"Organization\",\"@id\":\"https:\\\/\\\/iluceconcepts.com\\\/#organization\",\"name\":\"Iluce Concepts\",\"url\":\"https:\\\/\\\/iluceconcepts.com\\\/\",\"logo\":{\"@type\":\"ImageObject\",\"inLanguage\":\"fr-CA\",\"@id\":\"https:\\\/\\\/iluceconcepts.com\\\/#\\\/schema\\\/logo\\\/image\\\/\",\"url\":\"https:\\\/\\\/iluceconcepts.com\\\/wp-content\\\/uploads\\\/2022\\\/03\\\/cropped-Untitled-design-49.png\",\"contentUrl\":\"https:\\\/\\\/iluceconcepts.com\\\/wp-content\\\/uploads\\\/2022\\\/03\\\/cropped-Untitled-design-49.png\",\"width\":500,\"height\":124,\"caption\":\"Iluce Concepts\"},\"image\":{\"@id\":\"https:\\\/\\\/iluceconcepts.com\\\/#\\\/schema\\\/logo\\\/image\\\/\"},\"sameAs\":[\"https:\\\/\\\/www.facebook.com\\\/Iluceconcepts\",\"https:\\\/\\\/www.instagram.com\\\/iluceconcepts\\\/?hl=en\"]}]}<\/script>\n<!-- \/ Yoast SEO plugin. -->","yoast_head_json":{"title":"Custom Lighting Plan for Residential \/ Commercial Spaces - Iluce Concepts","description":"Get a custom lighting plan designed for your space. Perfect for homes or businesses, our expert solutions enhance both style and efficiency. Book today!","robots":{"index":"index","follow":"follow","max-snippet":"max-snippet:-1","max-image-preview":"max-image-preview:large","max-video-preview":"max-video-preview:-1"},"canonical":"https:\/\/iluceconcepts.com\/fr\/produit\/lighting-plan\/","og_locale":"fr_CA","og_type":"article","og_title":"Custom Lighting Plan for Residential \/ Commercial Spaces - Iluce Concepts","og_description":"Get a custom lighting plan designed for your space. Perfect for homes or businesses, our expert solutions enhance both style and efficiency. Book today!","og_url":"https:\/\/iluceconcepts.com\/fr\/produit\/lighting-plan\/","og_site_name":"Iluce Concepts","article_publisher":"https:\/\/www.facebook.com\/Iluceconcepts","article_modified_time":"2024-11-26T16:36:19+00:00","og_image":[{"width":1024,"height":1024,"url":"https:\/\/iluceconcepts.com\/wp-content\/uploads\/2022\/03\/Untitled-design-2-1024x1024.png","type":"image\/png"}],"twitter_card":"summary_large_image","twitter_misc":{"Estimation du temps de lecture":"1 minute"},"schema":{"@context":"https:\/\/schema.org","@graph":[{"@type":"WebPage","@id":"https:\/\/iluceconcepts.com\/product\/lighting-plan\/","url":"https:\/\/iluceconcepts.com\/product\/lighting-plan\/","name":"Custom Lighting Plan for Residential \/ Commercial Spaces - Iluce Concepts","isPartOf":{"@id":"https:\/\/iluceconcepts.com\/#website"},"primaryImageOfPage":{"@id":"https:\/\/iluceconcepts.com\/product\/lighting-plan\/#primaryimage"},"image":{"@id":"https:\/\/iluceconcepts.com\/product\/lighting-plan\/#primaryimage"},"thumbnailUrl":"https:\/\/i0.wp.com\/iluceconcepts.com\/wp-content\/uploads\/2022\/03\/Untitled-design-2.png?fit=1080%2C1080&ssl=1","datePublished":"2024-10-04T19:36:34+00:00","dateModified":"2024-11-26T16:36:19+00:00","description":"Get a custom lighting plan designed for your space. Perfect for homes or businesses, our expert solutions enhance both style and efficiency. Book today!","breadcrumb":{"@id":"https:\/\/iluceconcepts.com\/product\/lighting-plan\/#breadcrumb"},"inLanguage":"fr-CA","potentialAction":[{"@type":"ReadAction","target":["https:\/\/iluceconcepts.com\/product\/lighting-plan\/"]}]},{"@type":"ImageObject","inLanguage":"fr-CA","@id":"https:\/\/iluceconcepts.com\/product\/lighting-plan\/#primaryimage","url":"https:\/\/i0.wp.com\/iluceconcepts.com\/wp-content\/uploads\/2022\/03\/Untitled-design-2.png?fit=1080%2C1080&ssl=1","contentUrl":"https:\/\/i0.wp.com\/iluceconcepts.com\/wp-content\/uploads\/2022\/03\/Untitled-design-2.png?fit=1080%2C1080&ssl=1","width":1080,"height":1080,"caption":"lighting plan, consultation - iluce concepts"},{"@type":"BreadcrumbList","@id":"https:\/\/iluceconcepts.com\/product\/lighting-plan\/#breadcrumb","itemListElement":[{"@type":"ListItem","position":1,"name":"Home","item":"https:\/\/iluceconcepts.com\/"},{"@type":"ListItem","position":2,"name":"Shop","item":"https:\/\/iluceconcepts.com\/shop\/"},{"@type":"ListItem","position":3,"name":"Custom Lighting Plan for Residential \/ Commercial Spaces"}]},{"@type":"WebSite","@id":"https:\/\/iluceconcepts.com\/#website","url":"https:\/\/iluceconcepts.com\/","name":"Iluce Concepts","description":"Vivez-le avec Iluce","publisher":{"@id":"https:\/\/iluceconcepts.com\/#organization"},"potentialAction":[{"@type":"SearchAction","target":{"@type":"EntryPoint","urlTemplate":"https:\/\/iluceconcepts.com\/?s={search_term_string}"},"query-input":{"@type":"PropertyValueSpecification","valueRequired":true,"valueName":"search_term_string"}}],"inLanguage":"fr-CA"},{"@type":"Organization","@id":"https:\/\/iluceconcepts.com\/#organization","name":"Iluce Concepts","url":"https:\/\/iluceconcepts.com\/","logo":{"@type":"ImageObject","inLanguage":"fr-CA","@id":"https:\/\/iluceconcepts.com\/#\/schema\/logo\/image\/","url":"https:\/\/iluceconcepts.com\/wp-content\/uploads\/2022\/03\/cropped-Untitled-design-49.png","contentUrl":"https:\/\/iluceconcepts.com\/wp-content\/uploads\/2022\/03\/cropped-Untitled-design-49.png","width":500,"height":124,"caption":"Iluce Concepts"},"image":{"@id":"https:\/\/iluceconcepts.com\/#\/schema\/logo\/image\/"},"sameAs":["https:\/\/www.facebook.com\/Iluceconcepts","https:\/\/www.instagram.com\/iluceconcepts\/?hl=en"]}]}},"jetpack-related-posts":[{"id":1275,"url":"https:\/\/iluceconcepts.com\/fr\/produit\/lighting-onsite-consultation\/","url_meta":{"origin":1064,"position":0},"title":"Consultation sur place","author":"Iluce Concepts","date":"octobre 28, 2024","format":false,"excerpt":"Transform your space with a professional onsite lighting consultation designed to bring your vision to life. Our expert will visit your location, assess your needs, and provide tailored recommendations to create the perfect ambiance, improve functionality, and elevate your design. With a 2-hour minimum booking and additional time charged at\u2026","rel":"","context":"Similar post","block_context":{"text":"Similar post","link":""},"img":{"alt_text":"Onsite Lighting consultation","src":"https:\/\/i0.wp.com\/iluceconcepts.com\/wp-content\/uploads\/2024\/09\/20181123_120846001.jpg?fit=1200%2C900&ssl=1&resize=350%2C200","width":350,"height":200,"srcset":"https:\/\/i0.wp.com\/iluceconcepts.com\/wp-content\/uploads\/2024\/09\/20181123_120846001.jpg?fit=1200%2C900&ssl=1&resize=350%2C200 1x, https:\/\/i0.wp.com\/iluceconcepts.com\/wp-content\/uploads\/2024\/09\/20181123_120846001.jpg?fit=1200%2C900&ssl=1&resize=525%2C300 1.5x, https:\/\/i0.wp.com\/iluceconcepts.com\/wp-content\/uploads\/2024\/09\/20181123_120846001.jpg?fit=1200%2C900&ssl=1&resize=700%2C400 2x, https:\/\/i0.wp.com\/iluceconcepts.com\/wp-content\/uploads\/2024\/09\/20181123_120846001.jpg?fit=1200%2C900&ssl=1&resize=1050%2C600 3x"},"classes":[]},{"id":2070,"url":"https:\/\/iluceconcepts.com\/fr\/produit\/mrissa-illuminated-mirror\/","url_meta":{"origin":1064,"position":1},"title":"Mrissa Illuminated Mirror","author":"Iluce Concepts","date":"f\u00e9vrier 19, 2026","format":false,"excerpt":"Manufacturer Stock: This item is in stock at our manufacturer. ETA 3-4 weeks. Product Details: Natural alabaster may show variations in color and texture. Finish: Gold Shade: Alabaster Material: Alabaster Dimensions: 21.00\" W x 45.00\" H Weight: 23.10 lbs 1146lm 47.00W Dimmable 3000K, Included","rel":"","context":"Similar post","block_context":{"text":"Similar post","link":""},"img":{"alt_text":"","src":"https:\/\/i0.wp.com\/iluceconcepts.com\/wp-content\/uploads\/2026\/02\/Mrissa-Led-mirror-eurofase.png?fit=1200%2C1200&ssl=1&resize=350%2C200","width":350,"height":200,"srcset":"https:\/\/i0.wp.com\/iluceconcepts.com\/wp-content\/uploads\/2026\/02\/Mrissa-Led-mirror-eurofase.png?fit=1200%2C1200&ssl=1&resize=350%2C200 1x, https:\/\/i0.wp.com\/iluceconcepts.com\/wp-content\/uploads\/2026\/02\/Mrissa-Led-mirror-eurofase.png?fit=1200%2C1200&ssl=1&resize=525%2C300 1.5x, https:\/\/i0.wp.com\/iluceconcepts.com\/wp-content\/uploads\/2026\/02\/Mrissa-Led-mirror-eurofase.png?fit=1200%2C1200&ssl=1&resize=700%2C400 2x, https:\/\/i0.wp.com\/iluceconcepts.com\/wp-content\/uploads\/2026\/02\/Mrissa-Led-mirror-eurofase.png?fit=1200%2C1200&ssl=1&resize=1050%2C600 3x"},"classes":[]},{"id":2054,"url":"https:\/\/iluceconcepts.com\/fr\/produit\/serin-illuminated-mirror\/","url_meta":{"origin":1064,"position":2},"title":"Serin Illuminated Mirror","author":"Iluce Concepts","date":"f\u00e9vrier 16, 2026","format":false,"excerpt":"Serin, Mirror , 30\" X 36\", Gold-Black Mix Manufacturer Stock: This item is in stock at our manufacturer. ETA 3-4 weeks Product Details: Finish: Satin Nickel Black Shade:White Material: Silicone Dimensions: 30.00\" W x 36.00\" H Weight: 24.33 lbs LED : \u00a033.00W Dimmable 3000K, 1008LM","rel":"","context":"Similar post","block_context":{"text":"Similar post","link":""},"img":{"alt_text":"","src":"https:\/\/i0.wp.com\/iluceconcepts.com\/wp-content\/uploads\/2026\/02\/Serin.jpg?fit=1200%2C1200&ssl=1&resize=350%2C200","width":350,"height":200,"srcset":"https:\/\/i0.wp.com\/iluceconcepts.com\/wp-content\/uploads\/2026\/02\/Serin.jpg?fit=1200%2C1200&ssl=1&resize=350%2C200 1x, https:\/\/i0.wp.com\/iluceconcepts.com\/wp-content\/uploads\/2026\/02\/Serin.jpg?fit=1200%2C1200&ssl=1&resize=525%2C300 1.5x, https:\/\/i0.wp.com\/iluceconcepts.com\/wp-content\/uploads\/2026\/02\/Serin.jpg?fit=1200%2C1200&ssl=1&resize=700%2C400 2x, https:\/\/i0.wp.com\/iluceconcepts.com\/wp-content\/uploads\/2026\/02\/Serin.jpg?fit=1200%2C1200&ssl=1&resize=1050%2C600 3x"},"classes":[]},{"id":1609,"url":"https:\/\/iluceconcepts.com\/fr\/produit\/soul-allure\/","url_meta":{"origin":1064,"position":3},"title":"SOUL-ALLURE","author":"Iluce Concepts","date":"f\u00e9vrier 19, 2025","format":false,"excerpt":"SOUL-ALLURE, a captivating wall sconce that blends elegance with modern design. Crafted with Dekton stone, its sleek and minimalist profile adds a touch of luxury to any space. Fixture Dimensions : W6.5'' x H81.25'' x E1.25'' Light Source : Integrated LED Wattage : 40W Lumens: 2000lm Voltage : 120V Color\u2026","rel":"","context":"Similar post","block_context":{"text":"Similar post","link":""},"img":{"alt_text":"","src":"https:\/\/i0.wp.com\/iluceconcepts.com\/wp-content\/uploads\/2024\/12\/3-4.png?fit=1080%2C1080&ssl=1&resize=350%2C200","width":350,"height":200,"srcset":"https:\/\/i0.wp.com\/iluceconcepts.com\/wp-content\/uploads\/2024\/12\/3-4.png?fit=1080%2C1080&ssl=1&resize=350%2C200 1x, https:\/\/i0.wp.com\/iluceconcepts.com\/wp-content\/uploads\/2024\/12\/3-4.png?fit=1080%2C1080&ssl=1&resize=525%2C300 1.5x, https:\/\/i0.wp.com\/iluceconcepts.com\/wp-content\/uploads\/2024\/12\/3-4.png?fit=1080%2C1080&ssl=1&resize=700%2C400 2x, https:\/\/i0.wp.com\/iluceconcepts.com\/wp-content\/uploads\/2024\/12\/3-4.png?fit=1080%2C1080&ssl=1&resize=1050%2C600 3x"},"classes":[]},{"id":2076,"url":"https:\/\/iluceconcepts.com\/fr\/produit\/24-gia-led-mirror\/","url_meta":{"origin":1064,"position":4},"title":"24&#8243; Gia LED Mirror","author":"Iluce Concepts","date":"f\u00e9vrier 20, 2026","format":false,"excerpt":"Manufacturer Stock: This item is in stock at our manufacturer. ETA 3-4 weeks for arrival Product Details: The frameless round and oval mirrors are carefully cut around an opal illuminated pearl at the top of each arc. Diffused indirect lighting introduces a glow allowing the mirror to float away from\u2026","rel":"","context":"Similar post","block_context":{"text":"Similar post","link":""},"img":{"alt_text":"","src":"https:\/\/i0.wp.com\/iluceconcepts.com\/wp-content\/uploads\/2026\/02\/49026-016.jpg?fit=1149%2C1200&ssl=1&resize=350%2C200","width":350,"height":200,"srcset":"https:\/\/i0.wp.com\/iluceconcepts.com\/wp-content\/uploads\/2026\/02\/49026-016.jpg?fit=1149%2C1200&ssl=1&resize=350%2C200 1x, https:\/\/i0.wp.com\/iluceconcepts.com\/wp-content\/uploads\/2026\/02\/49026-016.jpg?fit=1149%2C1200&ssl=1&resize=525%2C300 1.5x, https:\/\/i0.wp.com\/iluceconcepts.com\/wp-content\/uploads\/2026\/02\/49026-016.jpg?fit=1149%2C1200&ssl=1&resize=700%2C400 2x, https:\/\/i0.wp.com\/iluceconcepts.com\/wp-content\/uploads\/2026\/02\/49026-016.jpg?fit=1149%2C1200&ssl=1&resize=1050%2C600 3x"},"classes":[]},{"id":2100,"url":"https:\/\/iluceconcepts.com\/fr\/produit\/warren-mirror\/","url_meta":{"origin":1064,"position":5},"title":"Warren Mirror","author":"Iluce Concepts","date":"f\u00e9vrier 23, 2026","format":false,"excerpt":"20\"W X 40\"H X 0.5\"D The Warren mirror brings sculptural simplicity to any room with a smooth, arched silhouette that feels artful and intentional. Its matte black iron frame grounds the piece and holds its crystal-clear mirror glass, enabling a perfect reflection. Easy to place above consoles, sofas, or beds,\u2026","rel":"","context":"Similar post","block_context":{"text":"Similar post","link":""},"img":{"alt_text":"","src":"https:\/\/i0.wp.com\/iluceconcepts.com\/wp-content\/uploads\/2026\/02\/MT2802_LIFESTYLE.webp?fit=1200%2C1200&ssl=1&resize=350%2C200","width":350,"height":200,"srcset":"https:\/\/i0.wp.com\/iluceconcepts.com\/wp-content\/uploads\/2026\/02\/MT2802_LIFESTYLE.webp?fit=1200%2C1200&ssl=1&resize=350%2C200 1x, https:\/\/i0.wp.com\/iluceconcepts.com\/wp-content\/uploads\/2026\/02\/MT2802_LIFESTYLE.webp?fit=1200%2C1200&ssl=1&resize=525%2C300 1.5x, https:\/\/i0.wp.com\/iluceconcepts.com\/wp-content\/uploads\/2026\/02\/MT2802_LIFESTYLE.webp?fit=1200%2C1200&ssl=1&resize=700%2C400 2x, https:\/\/i0.wp.com\/iluceconcepts.com\/wp-content\/uploads\/2026\/02\/MT2802_LIFESTYLE.webp?fit=1200%2C1200&ssl=1&resize=1050%2C600 3x"},"classes":[]}],"jetpack_sharing_enabled":true,"featured_media_urls":{"thumbnail":["https:\/\/i0.wp.com\/iluceconcepts.com\/wp-content\/uploads\/2022\/03\/Untitled-design-2.png?resize=150%2C150&ssl=1",150,150,true],"medium":["https:\/\/i0.wp.com\/iluceconcepts.com\/wp-content\/uploads\/2022\/03\/Untitled-design-2.png?fit=300%2C300&ssl=1",300,300,true],"medium_large":["https:\/\/i0.wp.com\/iluceconcepts.com\/wp-content\/uploads\/2022\/03\/Untitled-design-2.png?fit=768%2C768&ssl=1",768,768,true],"large":["https:\/\/i0.wp.com\/iluceconcepts.com\/wp-content\/uploads\/2022\/03\/Untitled-design-2.png?fit=1024%2C1024&ssl=1",1024,1024,true],"1536x1536":["https:\/\/i0.wp.com\/iluceconcepts.com\/wp-content\/uploads\/2022\/03\/Untitled-design-2.png?fit=1080%2C1080&ssl=1",1080,1080,true],"2048x2048":["https:\/\/i0.wp.com\/iluceconcepts.com\/wp-content\/uploads\/2022\/03\/Untitled-design-2.png?fit=1080%2C1080&ssl=1",1080,1080,true],"trp-custom-language-flag":["https:\/\/i0.wp.com\/iluceconcepts.com\/wp-content\/uploads\/2022\/03\/Untitled-design-2.png?fit=12%2C12&ssl=1",12,12,true],"kubio-fullhd":["https:\/\/i0.wp.com\/iluceconcepts.com\/wp-content\/uploads\/2022\/03\/Untitled-design-2.png?fit=1080%2C1080&ssl=1",1080,1080,true],"menu-24x24":["https:\/\/i0.wp.com\/iluceconcepts.com\/wp-content\/uploads\/2022\/03\/Untitled-design-2.png?fit=24%2C24&ssl=1",24,24,true],"menu-36x36":["https:\/\/i0.wp.com\/iluceconcepts.com\/wp-content\/uploads\/2022\/03\/Untitled-design-2.png?fit=36%2C36&ssl=1",36,36,true],"menu-48x48":["https:\/\/i0.wp.com\/iluceconcepts.com\/wp-content\/uploads\/2022\/03\/Untitled-design-2.png?fit=48%2C48&ssl=1",48,48,true],"woocommerce_thumbnail":["https:\/\/i0.wp.com\/iluceconcepts.com\/wp-content\/uploads\/2022\/03\/Untitled-design-2.png?resize=300%2C300&ssl=1",300,300,true],"woocommerce_single":["https:\/\/i0.wp.com\/iluceconcepts.com\/wp-content\/uploads\/2022\/03\/Untitled-design-2.png?fit=600%2C600&ssl=1",600,600,true],"woocommerce_gallery_thumbnail":["https:\/\/i0.wp.com\/iluceconcepts.com\/wp-content\/uploads\/2022\/03\/Untitled-design-2.png?resize=100%2C100&ssl=1",100,100,true],"portfolio_item-thumbnail":["https:\/\/i0.wp.com\/iluceconcepts.com\/wp-content\/uploads\/2022\/03\/Untitled-design-2.png?resize=600%2C400&ssl=1",600,400,true],"portfolio_item-thumbnail@2x":["https:\/\/i0.wp.com\/iluceconcepts.com\/wp-content\/uploads\/2022\/03\/Untitled-design-2.png?resize=1080%2C800&ssl=1",1080,800,true],"portfolio_item-masonry":["https:\/\/i0.wp.com\/iluceconcepts.com\/wp-content\/uploads\/2022\/03\/Untitled-design-2.png?fit=600%2C600&ssl=1",600,600,true],"portfolio_item-masonry@2x":["https:\/\/i0.wp.com\/iluceconcepts.com\/wp-content\/uploads\/2022\/03\/Untitled-design-2.png?fit=1080%2C1080&ssl=1",1080,1080,true],"portfolio_item-thumbnail_cinema":["https:\/\/i0.wp.com\/iluceconcepts.com\/wp-content\/uploads\/2022\/03\/Untitled-design-2.png?resize=800%2C335&ssl=1",800,335,true],"portfolio_item-thumbnail_portrait":["https:\/\/i0.wp.com\/iluceconcepts.com\/wp-content\/uploads\/2022\/03\/Untitled-design-2.png?resize=600%2C900&ssl=1",600,900,true],"portfolio_item-thumbnail_portrait@2x":["https:\/\/i0.wp.com\/iluceconcepts.com\/wp-content\/uploads\/2022\/03\/Untitled-design-2.png?resize=1080%2C1080&ssl=1",1080,1080,true],"portfolio_item-thumbnail_square":["https:\/\/i0.wp.com\/iluceconcepts.com\/wp-content\/uploads\/2022\/03\/Untitled-design-2.png?resize=800%2C800&ssl=1",800,800,true]},"_links":{"self":[{"href":"https:\/\/iluceconcepts.com\/fr\/wp-json\/wp\/v2\/product\/1064","targetHints":{"allow":["GET"]}}],"collection":[{"href":"https:\/\/iluceconcepts.com\/fr\/wp-json\/wp\/v2\/product"}],"about":[{"href":"https:\/\/iluceconcepts.com\/fr\/wp-json\/wp\/v2\/types\/product"}],"wp:featuredmedia":[{"embeddable":true,"href":"https:\/\/iluceconcepts.com\/fr\/wp-json\/wp\/v2\/media\/385"}],"wp:attachment":[{"href":"https:\/\/iluceconcepts.com\/fr\/wp-json\/wp\/v2\/media?parent=1064"}],"wp:term":[{"taxonomy":"product_brand","embeddable":true,"href":"https:\/\/iluceconcepts.com\/fr\/wp-json\/wp\/v2\/product_brand?post=1064"},{"taxonomy":"product_cat","embeddable":true,"href":"https:\/\/iluceconcepts.com\/fr\/wp-json\/wp\/v2\/product_cat?post=1064"},{"taxonomy":"product_tag","embeddable":true,"href":"https:\/\/iluceconcepts.com\/fr\/wp-json\/wp\/v2\/product_tag?post=1064"}],"curies":[{"name":"wp","href":"https:\/\/api.w.org\/{rel}","templated":true}]}}