{"id":1368,"date":"2024-11-26T20:17:33","date_gmt":"2024-11-26T20:17:33","guid":{"rendered":"https:\/\/iluceconcepts.com\/?post_type=product&#038;p=1368"},"modified":"2024-11-26T21:13:30","modified_gmt":"2024-11-26T21:13:30","slug":"virtual-lighting-consultation","status":"publish","type":"product","link":"https:\/\/iluceconcepts.com\/fr\/produit\/virtual-lighting-consultation\/","title":{"rendered":"Online Consultation"},"content":{"rendered":"<ul>\n<li>Bring expert lighting design to your fingertips with our convenient and affordable online lighting consultation. Perfect for clients looking to transform their space without the need for an onsite visit, this virtual consultation provides tailored advice for your home or business.<strong>What\u2019s Included:<\/strong>\n<ul>\n<li>A personalized 2h video consultation with a professional lighting designer.<\/li>\n<li>Review of shared photos, floor plans, or videos of your space.<\/li>\n<li>Expert recommendations for fixtures, layouts, and design solutions.<\/li>\n<\/ul>\n<p><strong>How It Works:<\/strong><\/p>\n<ol>\n<li>Upon booking, we\u2019ll contact you with our availability to schedule your session.<\/li>\n<li>Share any relevant visuals or plans before the consultation.<\/li>\n<li>Meet with your designer at the scheduled time for your customized session.<\/li>\n<\/ol>\n<\/li>\n<\/ul>\n<p>VOUS AVEZ DES QUESTIONS AVANT DE PROC\u00c9DER ?<span style=\"text-decoration: underline;\"> <em><strong><a href=\"https:\/\/iluceconcepts.com\/fr\/contact\/\">APPELEZ NOUS!<\/a><\/strong><\/em><\/span><\/p>","protected":false},"excerpt":{"rendered":"<p>Experience the convenience of professional online lighting consultations from the comfort of your home. Our expert will connect with you virtually to discuss your needs, assess your space through shared visuals, and provide tailored lighting recommendations that align with your style and budget. We\u2019ll coordinate with you to schedule a meeting at a time that works best for you. This affordable alternative to onsite consultations ensures you get expert advice without the added travel costs, making it an ideal solution for clients seeking quality and convenience.<\/p>","protected":false},"featured_media":1144,"template":"","meta":{"saved_in_kubio":false,"_coblocks_attr":"","_coblocks_dimensions":"","_coblocks_responsive_height":"","_coblocks_accordion_ie_support":"","jetpack_post_was_ever_published":false},"product_brand":[],"product_cat":[54],"product_tag":[64],"class_list":{"0":"post-1368","1":"product","2":"type-product","3":"status-publish","4":"has-post-thumbnail","6":"product_cat-services","7":"product_tag-lighting-consultation","9":"first","10":"instock","11":"virtual","12":"taxable","13":"purchasable","14":"product-type-simple"},"yoast_head":"<!-- This site is optimized with the Yoast SEO plugin v27.4 - https:\/\/yoast.com\/product\/yoast-seo-wordpress\/ -->\n<title>Online lighting consultation<\/title>\n<meta name=\"description\" content=\"Schedule a professional online lighting consultation. Save on travel fees while receiving expert recommendations to transform your space.\" \/>\n<meta name=\"robots\" content=\"index, follow, max-snippet:-1, max-image-preview:large, max-video-preview:-1\" \/>\n<link rel=\"canonical\" href=\"https:\/\/iluceconcepts.com\/fr\/produit\/virtual-lighting-consultation\/\" \/>\n<meta property=\"og:locale\" content=\"fr_CA\" \/>\n<meta property=\"og:type\" content=\"article\" \/>\n<meta property=\"og:title\" content=\"Online lighting consultation\" \/>\n<meta property=\"og:description\" content=\"Schedule a professional online lighting consultation. Save on travel fees while receiving expert recommendations to transform your space.\" \/>\n<meta property=\"og:url\" content=\"https:\/\/iluceconcepts.com\/fr\/produit\/virtual-lighting-consultation\/\" \/>\n<meta property=\"og:site_name\" content=\"Iluce Concepts\" \/>\n<meta property=\"article:publisher\" content=\"https:\/\/www.facebook.com\/Iluceconcepts\" \/>\n<meta property=\"article:modified_time\" content=\"2024-11-26T21:13:30+00:00\" \/>\n<meta property=\"og:image\" content=\"https:\/\/iluceconcepts.com\/wp-content\/uploads\/2024\/10\/cappucino1-1-1024x418-1-edited-7.jpg\" \/>\n\t<meta property=\"og:image:width\" content=\"418\" \/>\n\t<meta property=\"og:image:height\" content=\"418\" \/>\n\t<meta property=\"og:image:type\" content=\"image\/jpeg\" \/>\n<meta name=\"twitter:card\" content=\"summary_large_image\" \/>\n<meta name=\"twitter:label1\" content=\"Estimation du temps de lecture\" \/>\n\t<meta name=\"twitter:data1\" content=\"1 minute\" \/>\n<script type=\"application\/ld+json\" class=\"yoast-schema-graph\">{\"@context\":\"https:\\\/\\\/schema.org\",\"@graph\":[{\"@type\":\"WebPage\",\"@id\":\"https:\\\/\\\/iluceconcepts.com\\\/product\\\/virtual-lighting-consultation\\\/\",\"url\":\"https:\\\/\\\/iluceconcepts.com\\\/product\\\/virtual-lighting-consultation\\\/\",\"name\":\"Online lighting consultation\",\"isPartOf\":{\"@id\":\"https:\\\/\\\/iluceconcepts.com\\\/#website\"},\"primaryImageOfPage\":{\"@id\":\"https:\\\/\\\/iluceconcepts.com\\\/product\\\/virtual-lighting-consultation\\\/#primaryimage\"},\"image\":{\"@id\":\"https:\\\/\\\/iluceconcepts.com\\\/product\\\/virtual-lighting-consultation\\\/#primaryimage\"},\"thumbnailUrl\":\"https:\\\/\\\/i0.wp.com\\\/iluceconcepts.com\\\/wp-content\\\/uploads\\\/2024\\\/10\\\/cappucino1-1-1024x418-1-edited-7.jpg?fit=418%2C418&ssl=1\",\"datePublished\":\"2024-11-26T20:17:33+00:00\",\"dateModified\":\"2024-11-26T21:13:30+00:00\",\"description\":\"Schedule a professional online lighting consultation. Save on travel fees while receiving expert recommendations to transform your space.\",\"breadcrumb\":{\"@id\":\"https:\\\/\\\/iluceconcepts.com\\\/product\\\/virtual-lighting-consultation\\\/#breadcrumb\"},\"inLanguage\":\"fr-CA\",\"potentialAction\":[{\"@type\":\"ReadAction\",\"target\":[\"https:\\\/\\\/iluceconcepts.com\\\/product\\\/virtual-lighting-consultation\\\/\"]}]},{\"@type\":\"ImageObject\",\"inLanguage\":\"fr-CA\",\"@id\":\"https:\\\/\\\/iluceconcepts.com\\\/product\\\/virtual-lighting-consultation\\\/#primaryimage\",\"url\":\"https:\\\/\\\/i0.wp.com\\\/iluceconcepts.com\\\/wp-content\\\/uploads\\\/2024\\\/10\\\/cappucino1-1-1024x418-1-edited-7.jpg?fit=418%2C418&ssl=1\",\"contentUrl\":\"https:\\\/\\\/i0.wp.com\\\/iluceconcepts.com\\\/wp-content\\\/uploads\\\/2024\\\/10\\\/cappucino1-1-1024x418-1-edited-7.jpg?fit=418%2C418&ssl=1\",\"width\":418,\"height\":418,\"caption\":\"virtual consolation\"},{\"@type\":\"BreadcrumbList\",\"@id\":\"https:\\\/\\\/iluceconcepts.com\\\/product\\\/virtual-lighting-consultation\\\/#breadcrumb\",\"itemListElement\":[{\"@type\":\"ListItem\",\"position\":1,\"name\":\"Home\",\"item\":\"https:\\\/\\\/iluceconcepts.com\\\/\"},{\"@type\":\"ListItem\",\"position\":2,\"name\":\"Shop\",\"item\":\"https:\\\/\\\/iluceconcepts.com\\\/shop\\\/\"},{\"@type\":\"ListItem\",\"position\":3,\"name\":\"Online Consultation\"}]},{\"@type\":\"WebSite\",\"@id\":\"https:\\\/\\\/iluceconcepts.com\\\/#website\",\"url\":\"https:\\\/\\\/iluceconcepts.com\\\/\",\"name\":\"Iluce Concepts\",\"description\":\"Live it with Iluce\",\"publisher\":{\"@id\":\"https:\\\/\\\/iluceconcepts.com\\\/#organization\"},\"potentialAction\":[{\"@type\":\"SearchAction\",\"target\":{\"@type\":\"EntryPoint\",\"urlTemplate\":\"https:\\\/\\\/iluceconcepts.com\\\/?s={search_term_string}\"},\"query-input\":{\"@type\":\"PropertyValueSpecification\",\"valueRequired\":true,\"valueName\":\"search_term_string\"}}],\"inLanguage\":\"fr-CA\"},{\"@type\":\"Organization\",\"@id\":\"https:\\\/\\\/iluceconcepts.com\\\/#organization\",\"name\":\"Iluce Concepts\",\"url\":\"https:\\\/\\\/iluceconcepts.com\\\/\",\"logo\":{\"@type\":\"ImageObject\",\"inLanguage\":\"fr-CA\",\"@id\":\"https:\\\/\\\/iluceconcepts.com\\\/#\\\/schema\\\/logo\\\/image\\\/\",\"url\":\"https:\\\/\\\/iluceconcepts.com\\\/wp-content\\\/uploads\\\/2022\\\/03\\\/cropped-Untitled-design-49.png\",\"contentUrl\":\"https:\\\/\\\/iluceconcepts.com\\\/wp-content\\\/uploads\\\/2022\\\/03\\\/cropped-Untitled-design-49.png\",\"width\":500,\"height\":124,\"caption\":\"Iluce Concepts\"},\"image\":{\"@id\":\"https:\\\/\\\/iluceconcepts.com\\\/#\\\/schema\\\/logo\\\/image\\\/\"},\"sameAs\":[\"https:\\\/\\\/www.facebook.com\\\/Iluceconcepts\",\"https:\\\/\\\/www.instagram.com\\\/iluceconcepts\\\/?hl=en\"]}]}<\/script>\n<!-- \/ Yoast SEO plugin. -->","yoast_head_json":{"title":"Online lighting consultation","description":"Schedule a professional online lighting consultation. Save on travel fees while receiving expert recommendations to transform your space.","robots":{"index":"index","follow":"follow","max-snippet":"max-snippet:-1","max-image-preview":"max-image-preview:large","max-video-preview":"max-video-preview:-1"},"canonical":"https:\/\/iluceconcepts.com\/fr\/produit\/virtual-lighting-consultation\/","og_locale":"fr_CA","og_type":"article","og_title":"Online lighting consultation","og_description":"Schedule a professional online lighting consultation. Save on travel fees while receiving expert recommendations to transform your space.","og_url":"https:\/\/iluceconcepts.com\/fr\/produit\/virtual-lighting-consultation\/","og_site_name":"Iluce Concepts","article_publisher":"https:\/\/www.facebook.com\/Iluceconcepts","article_modified_time":"2024-11-26T21:13:30+00:00","og_image":[{"width":418,"height":418,"url":"https:\/\/iluceconcepts.com\/wp-content\/uploads\/2024\/10\/cappucino1-1-1024x418-1-edited-7.jpg","type":"image\/jpeg"}],"twitter_card":"summary_large_image","twitter_misc":{"Estimation du temps de lecture":"1 minute"},"schema":{"@context":"https:\/\/schema.org","@graph":[{"@type":"WebPage","@id":"https:\/\/iluceconcepts.com\/product\/virtual-lighting-consultation\/","url":"https:\/\/iluceconcepts.com\/product\/virtual-lighting-consultation\/","name":"Online lighting consultation","isPartOf":{"@id":"https:\/\/iluceconcepts.com\/#website"},"primaryImageOfPage":{"@id":"https:\/\/iluceconcepts.com\/product\/virtual-lighting-consultation\/#primaryimage"},"image":{"@id":"https:\/\/iluceconcepts.com\/product\/virtual-lighting-consultation\/#primaryimage"},"thumbnailUrl":"https:\/\/i0.wp.com\/iluceconcepts.com\/wp-content\/uploads\/2024\/10\/cappucino1-1-1024x418-1-edited-7.jpg?fit=418%2C418&ssl=1","datePublished":"2024-11-26T20:17:33+00:00","dateModified":"2024-11-26T21:13:30+00:00","description":"Schedule a professional online lighting consultation. Save on travel fees while receiving expert recommendations to transform your space.","breadcrumb":{"@id":"https:\/\/iluceconcepts.com\/product\/virtual-lighting-consultation\/#breadcrumb"},"inLanguage":"fr-CA","potentialAction":[{"@type":"ReadAction","target":["https:\/\/iluceconcepts.com\/product\/virtual-lighting-consultation\/"]}]},{"@type":"ImageObject","inLanguage":"fr-CA","@id":"https:\/\/iluceconcepts.com\/product\/virtual-lighting-consultation\/#primaryimage","url":"https:\/\/i0.wp.com\/iluceconcepts.com\/wp-content\/uploads\/2024\/10\/cappucino1-1-1024x418-1-edited-7.jpg?fit=418%2C418&ssl=1","contentUrl":"https:\/\/i0.wp.com\/iluceconcepts.com\/wp-content\/uploads\/2024\/10\/cappucino1-1-1024x418-1-edited-7.jpg?fit=418%2C418&ssl=1","width":418,"height":418,"caption":"virtual consolation"},{"@type":"BreadcrumbList","@id":"https:\/\/iluceconcepts.com\/product\/virtual-lighting-consultation\/#breadcrumb","itemListElement":[{"@type":"ListItem","position":1,"name":"Home","item":"https:\/\/iluceconcepts.com\/"},{"@type":"ListItem","position":2,"name":"Shop","item":"https:\/\/iluceconcepts.com\/shop\/"},{"@type":"ListItem","position":3,"name":"Online Consultation"}]},{"@type":"WebSite","@id":"https:\/\/iluceconcepts.com\/#website","url":"https:\/\/iluceconcepts.com\/","name":"Iluce Concepts","description":"Vivez-le avec Iluce","publisher":{"@id":"https:\/\/iluceconcepts.com\/#organization"},"potentialAction":[{"@type":"SearchAction","target":{"@type":"EntryPoint","urlTemplate":"https:\/\/iluceconcepts.com\/?s={search_term_string}"},"query-input":{"@type":"PropertyValueSpecification","valueRequired":true,"valueName":"search_term_string"}}],"inLanguage":"fr-CA"},{"@type":"Organization","@id":"https:\/\/iluceconcepts.com\/#organization","name":"Iluce Concepts","url":"https:\/\/iluceconcepts.com\/","logo":{"@type":"ImageObject","inLanguage":"fr-CA","@id":"https:\/\/iluceconcepts.com\/#\/schema\/logo\/image\/","url":"https:\/\/iluceconcepts.com\/wp-content\/uploads\/2022\/03\/cropped-Untitled-design-49.png","contentUrl":"https:\/\/iluceconcepts.com\/wp-content\/uploads\/2022\/03\/cropped-Untitled-design-49.png","width":500,"height":124,"caption":"Iluce Concepts"},"image":{"@id":"https:\/\/iluceconcepts.com\/#\/schema\/logo\/image\/"},"sameAs":["https:\/\/www.facebook.com\/Iluceconcepts","https:\/\/www.instagram.com\/iluceconcepts\/?hl=en"]}]}},"jetpack-related-posts":[{"id":1275,"url":"https:\/\/iluceconcepts.com\/fr\/produit\/lighting-onsite-consultation\/","url_meta":{"origin":1368,"position":0},"title":"Consultation sur place","author":"Iluce Concepts","date":"octobre 28, 2024","format":false,"excerpt":"Transform your space with a professional onsite lighting consultation designed to bring your vision to life. Our expert will visit your location, assess your needs, and provide tailored recommendations to create the perfect ambiance, improve functionality, and elevate your design. With a 2-hour minimum booking and additional time charged at\u2026","rel":"","context":"Similar post","block_context":{"text":"Similar post","link":""},"img":{"alt_text":"Onsite Lighting consultation","src":"https:\/\/i0.wp.com\/iluceconcepts.com\/wp-content\/uploads\/2024\/09\/20181123_120846001.jpg?fit=1200%2C900&ssl=1&resize=350%2C200","width":350,"height":200,"srcset":"https:\/\/i0.wp.com\/iluceconcepts.com\/wp-content\/uploads\/2024\/09\/20181123_120846001.jpg?fit=1200%2C900&ssl=1&resize=350%2C200 1x, https:\/\/i0.wp.com\/iluceconcepts.com\/wp-content\/uploads\/2024\/09\/20181123_120846001.jpg?fit=1200%2C900&ssl=1&resize=525%2C300 1.5x, https:\/\/i0.wp.com\/iluceconcepts.com\/wp-content\/uploads\/2024\/09\/20181123_120846001.jpg?fit=1200%2C900&ssl=1&resize=700%2C400 2x, https:\/\/i0.wp.com\/iluceconcepts.com\/wp-content\/uploads\/2024\/09\/20181123_120846001.jpg?fit=1200%2C900&ssl=1&resize=1050%2C600 3x"},"classes":[]},{"id":1064,"url":"https:\/\/iluceconcepts.com\/fr\/produit\/lighting-plan\/","url_meta":{"origin":1368,"position":1},"title":"Plan d'\u00e9clairage personnalis\u00e9 pour les espaces r\u00e9sidentiels\/commerciaux","author":"Iluce Concepts","date":"octobre 4, 2024","format":false,"excerpt":"Effective planning of your lighting design and layout takes into consideration all aspects including functionality, lighting outputs, ambiance and decorative touches and of course the budgets. Lighting, like many other decorative features, can vary in price. Nevertheless, with effective planning we can create most accurate budget that will be suited\u2026","rel":"","context":"Similar post","block_context":{"text":"Similar post","link":""},"img":{"alt_text":"lighting plan, consultation - iluce concepts","src":"https:\/\/i0.wp.com\/iluceconcepts.com\/wp-content\/uploads\/2022\/03\/Untitled-design-2.png?fit=1080%2C1080&ssl=1&resize=350%2C200","width":350,"height":200,"srcset":"https:\/\/i0.wp.com\/iluceconcepts.com\/wp-content\/uploads\/2022\/03\/Untitled-design-2.png?fit=1080%2C1080&ssl=1&resize=350%2C200 1x, https:\/\/i0.wp.com\/iluceconcepts.com\/wp-content\/uploads\/2022\/03\/Untitled-design-2.png?fit=1080%2C1080&ssl=1&resize=525%2C300 1.5x, https:\/\/i0.wp.com\/iluceconcepts.com\/wp-content\/uploads\/2022\/03\/Untitled-design-2.png?fit=1080%2C1080&ssl=1&resize=700%2C400 2x, https:\/\/i0.wp.com\/iluceconcepts.com\/wp-content\/uploads\/2022\/03\/Untitled-design-2.png?fit=1080%2C1080&ssl=1&resize=1050%2C600 3x"},"classes":[]}],"jetpack_sharing_enabled":true,"featured_media_urls":{"thumbnail":["https:\/\/i0.wp.com\/iluceconcepts.com\/wp-content\/uploads\/2024\/10\/cappucino1-1-1024x418-1-edited-7.jpg?resize=150%2C150&ssl=1",150,150,true],"medium":["https:\/\/i0.wp.com\/iluceconcepts.com\/wp-content\/uploads\/2024\/10\/cappucino1-1-1024x418-1-edited-7.jpg?fit=300%2C300&ssl=1",300,300,true],"medium_large":["https:\/\/i0.wp.com\/iluceconcepts.com\/wp-content\/uploads\/2024\/10\/cappucino1-1-1024x418-1-edited-7.jpg?fit=418%2C418&ssl=1",418,418,true],"large":["https:\/\/i0.wp.com\/iluceconcepts.com\/wp-content\/uploads\/2024\/10\/cappucino1-1-1024x418-1-edited-7.jpg?fit=418%2C418&ssl=1",418,418,true],"1536x1536":["https:\/\/i0.wp.com\/iluceconcepts.com\/wp-content\/uploads\/2024\/10\/cappucino1-1-1024x418-1-edited-7.jpg?fit=418%2C418&ssl=1",418,418,true],"2048x2048":["https:\/\/i0.wp.com\/iluceconcepts.com\/wp-content\/uploads\/2024\/10\/cappucino1-1-1024x418-1-edited-7.jpg?fit=418%2C418&ssl=1",418,418,true],"trp-custom-language-flag":["https:\/\/i0.wp.com\/iluceconcepts.com\/wp-content\/uploads\/2024\/10\/cappucino1-1-1024x418-1-edited-7.jpg?fit=12%2C12&ssl=1",12,12,true],"kubio-fullhd":["https:\/\/i0.wp.com\/iluceconcepts.com\/wp-content\/uploads\/2024\/10\/cappucino1-1-1024x418-1-edited-7.jpg?fit=418%2C418&ssl=1",418,418,true],"menu-24x24":["https:\/\/i0.wp.com\/iluceconcepts.com\/wp-content\/uploads\/2024\/10\/cappucino1-1-1024x418-1-edited-7.jpg?fit=24%2C24&ssl=1",24,24,true],"menu-36x36":["https:\/\/i0.wp.com\/iluceconcepts.com\/wp-content\/uploads\/2024\/10\/cappucino1-1-1024x418-1-edited-7.jpg?fit=36%2C36&ssl=1",36,36,true],"menu-48x48":["https:\/\/i0.wp.com\/iluceconcepts.com\/wp-content\/uploads\/2024\/10\/cappucino1-1-1024x418-1-edited-7.jpg?fit=48%2C48&ssl=1",48,48,true],"woocommerce_thumbnail":["https:\/\/i0.wp.com\/iluceconcepts.com\/wp-content\/uploads\/2024\/10\/cappucino1-1-1024x418-1-edited-7.jpg?resize=300%2C300&ssl=1",300,300,true],"woocommerce_single":["https:\/\/i0.wp.com\/iluceconcepts.com\/wp-content\/uploads\/2024\/10\/cappucino1-1-1024x418-1-edited-7.jpg?fit=418%2C418&ssl=1",418,418,true],"woocommerce_gallery_thumbnail":["https:\/\/i0.wp.com\/iluceconcepts.com\/wp-content\/uploads\/2024\/10\/cappucino1-1-1024x418-1-edited-7.jpg?resize=100%2C100&ssl=1",100,100,true],"portfolio_item-thumbnail":["https:\/\/i0.wp.com\/iluceconcepts.com\/wp-content\/uploads\/2024\/10\/cappucino1-1-1024x418-1-edited-7.jpg?resize=418%2C400&ssl=1",418,400,true],"portfolio_item-thumbnail@2x":["https:\/\/i0.wp.com\/iluceconcepts.com\/wp-content\/uploads\/2024\/10\/cappucino1-1-1024x418-1-edited-7.jpg?resize=418%2C418&ssl=1",418,418,true],"portfolio_item-masonry":["https:\/\/i0.wp.com\/iluceconcepts.com\/wp-content\/uploads\/2024\/10\/cappucino1-1-1024x418-1-edited-7.jpg?fit=418%2C418&ssl=1",418,418,true],"portfolio_item-masonry@2x":["https:\/\/i0.wp.com\/iluceconcepts.com\/wp-content\/uploads\/2024\/10\/cappucino1-1-1024x418-1-edited-7.jpg?fit=418%2C418&ssl=1",418,418,true],"portfolio_item-thumbnail_cinema":["https:\/\/i0.wp.com\/iluceconcepts.com\/wp-content\/uploads\/2024\/10\/cappucino1-1-1024x418-1-edited-7.jpg?resize=418%2C335&ssl=1",418,335,true],"portfolio_item-thumbnail_portrait":["https:\/\/i0.wp.com\/iluceconcepts.com\/wp-content\/uploads\/2024\/10\/cappucino1-1-1024x418-1-edited-7.jpg?resize=418%2C418&ssl=1",418,418,true],"portfolio_item-thumbnail_portrait@2x":["https:\/\/i0.wp.com\/iluceconcepts.com\/wp-content\/uploads\/2024\/10\/cappucino1-1-1024x418-1-edited-7.jpg?resize=418%2C418&ssl=1",418,418,true],"portfolio_item-thumbnail_square":["https:\/\/i0.wp.com\/iluceconcepts.com\/wp-content\/uploads\/2024\/10\/cappucino1-1-1024x418-1-edited-7.jpg?resize=418%2C418&ssl=1",418,418,true]},"_links":{"self":[{"href":"https:\/\/iluceconcepts.com\/fr\/wp-json\/wp\/v2\/product\/1368","targetHints":{"allow":["GET"]}}],"collection":[{"href":"https:\/\/iluceconcepts.com\/fr\/wp-json\/wp\/v2\/product"}],"about":[{"href":"https:\/\/iluceconcepts.com\/fr\/wp-json\/wp\/v2\/types\/product"}],"wp:featuredmedia":[{"embeddable":true,"href":"https:\/\/iluceconcepts.com\/fr\/wp-json\/wp\/v2\/media\/1144"}],"wp:attachment":[{"href":"https:\/\/iluceconcepts.com\/fr\/wp-json\/wp\/v2\/media?parent=1368"}],"wp:term":[{"taxonomy":"product_brand","embeddable":true,"href":"https:\/\/iluceconcepts.com\/fr\/wp-json\/wp\/v2\/product_brand?post=1368"},{"taxonomy":"product_cat","embeddable":true,"href":"https:\/\/iluceconcepts.com\/fr\/wp-json\/wp\/v2\/product_cat?post=1368"},{"taxonomy":"product_tag","embeddable":true,"href":"https:\/\/iluceconcepts.com\/fr\/wp-json\/wp\/v2\/product_tag?post=1368"}],"curies":[{"name":"wp","href":"https:\/\/api.w.org\/{rel}","templated":true}]}}